{"id":676,"date":"2015-04-16T16:52:12","date_gmt":"2015-04-16T16:52:12","guid":{"rendered":"http:\/\/ilab3.aps.edu.pl\/?page_id=676"},"modified":"2017-05-24T19:00:14","modified_gmt":"2017-05-24T19:00:14","slug":"cjd-maximiliansau-de","status":"publish","type":"page","link":"https:\/\/ilab3.aps.edu.pl\/?page_id=676","title":{"rendered":"CJD Rhein-Pfalz\/Nordbaden (DE)"},"content":{"rendered":"<h1><strong><em>CJD &#8211; Teilhabe am Leben und an der Gesellschaft erm\u00f6glichen<\/em><\/strong><\/h1>\n<p>Das CJD wurde 1947 gegr\u00fcndet und ist eine eingetragene Wohlt\u00e4tigkeitsorganisation. CJD steht f\u00fcr &#8220;Christliches Jugenddorfwerk Deutschlands&#8221;.<\/p>\n<p>Der seit Gr\u00fcndung des Werkes 1947 gepr\u00e4gte Leitgedanke \u201eKeiner darf verloren gehen!\u201c bedeutet heute f\u00fcr das CJD, dass jedem Menschen Teilhabe am Leben und an der Gesellschaft zusteht.<\/p>\n<p>Das CJD bef\u00e4higt Menschen, ihr Leben erfolgreich zu gestalten.<\/p>\n<p>Die St\u00e4rken des CJD sind dabei bed\u00fcrfnisorientierte, vernetzte Angebote f\u00fcr Menschen in allen Lebensphasen, die von der Vision einer inklusiven Gesellschaft getragen sind. Das CJD ist Qualit\u00e4tsanbieter und Netzwerkgestalter im Sozialraum und arbeitet mit geeigneten Partnern zusammen.<\/p>\n<p>Die Mitarbeitenden im CJD bilden eine Gemeinschaft, die ihre Wertebasis im christlichen Menschenbild hat.<\/p>\n<p>Das CJD bietet j\u00e4hrlich 155.000 jungen und erwachsenen Menschen Orientierung und Zukunftschancen. Sie werden von 9.500 hauptamtlichen und vielen ehrenamtlichen Mitarbeitenden an \u00fcber 150 Standorten gef\u00f6rdert, begleitet und ausgebildet. Grundlage ist das christliche Menschenbild mit der Vision &#8220;Keiner darf verloren gehen!&#8221;.<\/p>\n<p>In seinen Schulen, Berufsbildungszentren, Beratungs- und Unterst\u00fctzungseinrichtungen f\u00f6rdert das CJD die Bildungsbed\u00fcrfnisse von Jugendlichen und Erwachsenen &#8211; zum Beispiel, indem Jugendliche mit Lernschwierigkeiten bei ihrer Ausbildung unterst\u00fctzt werden, durch die Erziehung und Begleitung hochbegabter oder an Asthma erkrankter Sch\u00fcler in den CJD Christophorus-Schulen, durch soziale Integrationsprogramme f\u00fcr junge Zuwanderer, indem es Arbeitsm\u00f6glichkeiten zur Verf\u00fcgung stellt f\u00fcr Menschen mit Behinderungen oder Menschen, die Unterst\u00fctzung brauchen.<\/p>\n<p>V\u00f6lkerverst\u00e4ndigung und weltweite Zusammenarbeit sind die Basis f\u00fcr ein friedliches Zusammenleben in der heutigen globalen Welt. Das CJD verfolgt das Ziel, bei jungen Menschen das Verst\u00e4ndnis und die Akzeptanz f\u00fcr andere Kulturen zu f\u00f6rdern, &nbsp;beispielsweise durch die Einrichtung von internationalen Jugendaustauschprogrammen, die Organisation von Auslandspraktika und Sch\u00fcleraustausche.<\/p>\n<h1><strong><em>Das CJD Maximiliansau<\/em><\/strong><\/h1>\n<p>Das CJD Maximiliansau ist ein Standort des CJD Rhein-Pfalz\/Nordbaden und mit seinen Au\u00dfenstellen einer der gr\u00f6\u00dften in Deutschland. \u00dcber 700 qualifizierte Mitarbeitende unterst\u00fctzen j\u00e4hrlich mehr als 15 000 Menschen.<\/p>\n<p>Mit unserem umfassenden Angebot zur beruflichen Weiterbildung und Integration sowie zur Jugend- und Familienhilfe er\u00f6ffnen wir vielen Menschen neue Perspektiven durch individuelle Beratung und F\u00f6rderung. Wir verf\u00fcgen \u00fcber eine Fachschule f\u00fcr Rettungsdienst und eine Fachschule f\u00fcr Ergotherapie. Abgerundet wird das \u201ePaket\u201c durch einen Personalservice, der es Betrieben erlaubt, flexibel und unkompliziert auf wechselnde Auftragslagen zu reagieren.<\/p>\n<p>Die Teilnahme an Forschungsprojekten und internationale Zusammenarbeit stellen sicher, dass unsere t\u00e4gliche Arbeit in einem kontinuierlichen und qualitativ hochwertigen Innovationsprozess eingebettet ist.<\/p>\n<p>Die Arbeit unserer Mitarbeiterinnen und Mitarbeiter ist dabei stets von Wertsch\u00e4tzung und Werteorientierung gepr\u00e4gt.<\/p>\n","protected":false},"excerpt":{"rendered":"<p>CJD &#8211; Teilhabe am Leben und an der Gesellschaft erm\u00f6glichen Das CJD wurde 1947 gegr\u00fcndet und ist eine eingetragene Wohlt\u00e4tigkeitsorganisation. CJD steht f\u00fcr &#8220;Christliches Jugenddorfwerk Deutschlands&#8221;. Der seit Gr\u00fcndung des Werkes 1947 gepr\u00e4gte Leitgedanke \u201eKeiner darf verloren gehen!\u201c bedeutet heute f\u00fcr das CJD, dass jedem Menschen Teilhabe am Leben und an der Gesellschaft zusteht. Das<\/p>\n","protected":false},"author":1,"featured_media":0,"parent":0,"menu_order":0,"comment_status":"closed","ping_status":"closed","template":"","meta":{"_bbp_topic_count":0,"_bbp_reply_count":0,"_bbp_total_topic_count":0,"_bbp_total_reply_count":0,"_bbp_voice_count":0,"_bbp_anonymous_reply_count":0,"_bbp_topic_count_hidden":0,"_bbp_reply_count_hidden":0,"_bbp_forum_subforum_count":0,"ngg_post_thumbnail":0,"footnotes":""},"class_list":["post-676","page","type-page","status-publish","hentry"],"_links":{"self":[{"href":"https:\/\/ilab3.aps.edu.pl\/index.php?rest_route=\/wp\/v2\/pages\/676","targetHints":{"allow":["GET"]}}],"collection":[{"href":"https:\/\/ilab3.aps.edu.pl\/index.php?rest_route=\/wp\/v2\/pages"}],"about":[{"href":"https:\/\/ilab3.aps.edu.pl\/index.php?rest_route=\/wp\/v2\/types\/page"}],"author":[{"embeddable":true,"href":"https:\/\/ilab3.aps.edu.pl\/index.php?rest_route=\/wp\/v2\/users\/1"}],"replies":[{"embeddable":true,"href":"https:\/\/ilab3.aps.edu.pl\/index.php?rest_route=%2Fwp%2Fv2%2Fcomments&post=676"}],"version-history":[{"count":6,"href":"https:\/\/ilab3.aps.edu.pl\/index.php?rest_route=\/wp\/v2\/pages\/676\/revisions"}],"predecessor-version":[{"id":2490,"href":"https:\/\/ilab3.aps.edu.pl\/index.php?rest_route=\/wp\/v2\/pages\/676\/revisions\/2490"}],"wp:attachment":[{"href":"https:\/\/ilab3.aps.edu.pl\/index.php?rest_route=%2Fwp%2Fv2%2Fmedia&parent=676"}],"curies":[{"name":"wp","href":"https:\/\/api.w.org\/{rel}","templated":true}]}}