{"id":654,"date":"2015-04-16T16:44:50","date_gmt":"2015-04-16T16:44:50","guid":{"rendered":"http:\/\/ilab3.aps.edu.pl\/?page_id=654"},"modified":"2017-08-31T12:19:58","modified_gmt":"2017-08-31T12:19:58","slug":"the-maria-grzegorzewska-university-of-special-education-cs","status":"publish","type":"page","link":"https:\/\/ilab3.aps.edu.pl\/?page_id=654","title":{"rendered":"The Maria Grzegorzewska University of Special Education (CS)"},"content":{"rendered":"<p><span id=\"result_box\" class=\"\" lang=\"en\"><strong><span title=\"Akademia Pedagogiki Specjalnej im.\">The Maria Grzegorzewska University<\/span><\/strong><span title=\"Marii Grzegorzewskiej w Warszawie \"><strong> in Warsaw, Poland<\/strong><\/span><\/span><\/p>\n<p><span title=\"Marii Grzegorzewskiej (APS) szczyci si\u0119 ponad 95-letni\u0105 tradycj\u0105 uczenia.\"><span title=\"Akademia Pedagogiki Specjalnej im.\">The Maria Grzegorzewska University<\/span> (APS) has an over 95-year old teaching tradition. It<\/span><span title=\"Jest kontynuatork\u0105 utworzonego w 1922 roku Pa\u0144stwowego Instytutu Pedagogiki Specjalnej (PIPS). \"> is a continuator of the State Institute of Special Education (PIPS) established in 1922.<\/span><\/p>\n<p><span title=\"Uczelnia zatrudnia wysoko wykwali\ufb01kowan\u0105 kadr\u0119 naukow\u0105 i dydaktyczn\u0105, oferuj\u0105c interesuj\u0105ce programy nauczania, doskona\u0142e warunki studiowania czy dost\u0119p do wysokiej jako\u015bci sprz\u0119tu IT.\">The university employs a highly qualified academic and didactic staff and offers interesting curricula, excellent study conditions and access to high quality IT equipment. It p<\/span><span title=\"Zapewnia kszta\u0142cenie na specjalno\u015bciach poszukiwanych obecnie na rynku pracy. \">rovides training on the specialties currently sought in the labour market.<\/span><\/p>\n<p><span title=\"Aktualnie na studiach stacjonarnych i niestacjonarnych kszta\u0142ci si\u0119 u nas ponad 7 tysi\u0119cy student\u00f3w.\">At present, over 7,000 students are studying at our day and weekend studies. The f<\/span><span title=\"Wydzia\u0142 Nauk Pedagogicznych oraz Wydzia\u0142 Stosowanych Nauk Spo\u0142ecznych APS oferuje sze\u015b\u0107 kierunk\u00f3w studi\u00f3w: psychologia, socjologia, pedagogika, pedagogika specjalna, praca socjalna i edukacja artystyczna.\">aculty of Pedagogical Sciences and Faculty of Applied Social Sciences offers six fields of study: psychology, sociology, pedagogy, special education, social work, and arts education. <\/span><span title=\"Ponadto, Akademia posiada w swojej ofercie szeroki wachlarz studi\u00f3w podyplomowych, kt\u00f3re pozwalaj\u0105 na uzupe\u0142nienie kwali\ufb01kacji mi\u0119dzy innymi w dziedzinie pedagogiki i pedagogiki specjalnej. \">In addition, the University offers a wide range of postgraduate studies which provide additional qualification in the field of pedagogy and special pedagogy.<\/span><\/p>\n<p><span title=\"Wi\u0119cej informacji na temat uczelni mo\u017cna znale\u017a\u0107 na stronie: www.aps.edu.pl. \">More information about the university can be found at: <a href=\"http:\/\/www.aps.edu.pl\">www.aps.edu.pl<\/a>.<br \/>\n<\/span><\/p>\n<p>Contact: ilab3@aps.edu.pl<\/p>\n<p>Contact person:<\/p>\n<p>Project Manager &#8211; Mariusz Fila (<a class=\"gwt-Anchor\">filamar@aps.edu.pl) <\/a><\/p>\n<p>Adamina Korwin-Szymanowska<a class=\"gwt-Anchor\"> (adamina_k@wp.pl)<\/a><\/p>\n<div class=\"gwt-Label\">&nbsp;<\/div>\n","protected":false},"excerpt":{"rendered":"<p>The Maria Grzegorzewska University in Warsaw, Poland The Maria Grzegorzewska University (APS) has an over 95-year old teaching tradition. It is a continuator of the State Institute of Special Education (PIPS) established in 1922. The university employs a highly qualified academic and didactic staff and offers interesting curricula, excellent study conditions and access to high<\/p>\n","protected":false},"author":1,"featured_media":0,"parent":92,"menu_order":0,"comment_status":"closed","ping_status":"closed","template":"page-template-full.php","meta":{"_bbp_topic_count":0,"_bbp_reply_count":0,"_bbp_total_topic_count":0,"_bbp_total_reply_count":0,"_bbp_voice_count":0,"_bbp_anonymous_reply_count":0,"_bbp_topic_count_hidden":0,"_bbp_reply_count_hidden":0,"_bbp_forum_subforum_count":0,"ngg_post_thumbnail":0,"footnotes":""},"class_list":["post-654","page","type-page","status-publish","hentry"],"_links":{"self":[{"href":"https:\/\/ilab3.aps.edu.pl\/index.php?rest_route=\/wp\/v2\/pages\/654","targetHints":{"allow":["GET"]}}],"collection":[{"href":"https:\/\/ilab3.aps.edu.pl\/index.php?rest_route=\/wp\/v2\/pages"}],"about":[{"href":"https:\/\/ilab3.aps.edu.pl\/index.php?rest_route=\/wp\/v2\/types\/page"}],"author":[{"embeddable":true,"href":"https:\/\/ilab3.aps.edu.pl\/index.php?rest_route=\/wp\/v2\/users\/1"}],"replies":[{"embeddable":true,"href":"https:\/\/ilab3.aps.edu.pl\/index.php?rest_route=%2Fwp%2Fv2%2Fcomments&post=654"}],"version-history":[{"count":2,"href":"https:\/\/ilab3.aps.edu.pl\/index.php?rest_route=\/wp\/v2\/pages\/654\/revisions"}],"predecessor-version":[{"id":3318,"href":"https:\/\/ilab3.aps.edu.pl\/index.php?rest_route=\/wp\/v2\/pages\/654\/revisions\/3318"}],"up":[{"embeddable":true,"href":"https:\/\/ilab3.aps.edu.pl\/index.php?rest_route=\/wp\/v2\/pages\/92"}],"wp:attachment":[{"href":"https:\/\/ilab3.aps.edu.pl\/index.php?rest_route=%2Fwp%2Fv2%2Fmedia&parent=654"}],"curies":[{"name":"wp","href":"https:\/\/api.w.org\/{rel}","templated":true}]}}