{"id":45,"date":"2015-02-23T15:59:35","date_gmt":"2015-02-23T15:59:35","guid":{"rendered":"http:\/\/ilab3.aps.edu.pl\/?page_id=45"},"modified":"2017-12-19T17:46:25","modified_gmt":"2017-12-19T17:46:25","slug":"nasze-i-laby","status":"publish","type":"page","link":"https:\/\/ilab3.aps.edu.pl\/?page_id=45","title":{"rendered":"nasze i-Lab&#8217;y"},"content":{"rendered":"<p>i-Laby stworzone przez partner\u00f3w projektu:<\/p>\n<div class=\"spacerpartner\">\n<div class=\"itempartner\"><a title=\"The Maria Grzegorzewska University of Special Education\" href=\"http:\/\/ilab3.aps.edu.pl\/?page_id=350\"><img decoding=\"async\" src=\"ilabaps.jpg\" alt=\"\"><\/a><br \/>\n<span class=\"podpispartner\"><a href=\"http:\/\/ilab3.aps.edu.pl\/?page_id=350\">Akademia Pedagogiki Specjalnej, Warszawa, Polska<\/a><\/span><\/div>\n<div class=\"itempartner\"><a href=\"http:\/\/ilab3.aps.edu.pl\/wp-content\/uploads\/2015\/02\/radom_ilab.png\"><img loading=\"lazy\" decoding=\"async\" class=\"alignnone wp-image-3493 size-full\" src=\"http:\/\/ilab3.aps.edu.pl\/wp-content\/uploads\/2015\/02\/radom_ilab.png\" alt=\"\" width=\"290\" height=\"149\"><\/a><br \/>\n<span class=\"podpispartner\"><a title=\"Instytut Technologii Eksploatacji \u2013 Pa\u0144stwowy Instytut Badawczy\" href=\"http:\/\/ilab3.aps.edu.pl\/?page_id=237\">Instytut Technologii Eksploatacji \u2013 Pa\u0144stwowy Instytut Badawczy, Radom, Polska<\/a><\/span><\/div>\n<\/div>\n<p><!-- next line----- --><\/p>\n<div class=\"itempartner\"><a title=\"CEIPES \u2013 International Centre for the Promotion of Education and Development\" href=\"http:\/\/ilab3.aps.edu.pl\/?page_id=1036\"><img decoding=\"async\" src=\"http:\/\/www.oldrover.pl\/guest\/it_ilab.jpg\" alt=\"\"><\/a><br \/>\n<span class=\"podpispartner\"><a title=\"CEIPES \u2013 International Centre for the Promotion of Education and Development\" href=\"http:\/\/ilab3.aps.edu.pl\/?page_id=1036\">CEIPES \u2013 International Centre for the Promotion of Education and Development, W\u0142ochy<\/a><\/span><\/div>\n<div class=\"itempartner\"><a title=\"CJD Maximiliansau\" href=\"http:\/\/ilab3.aps.edu.pl\/?page_id=354\"><img decoding=\"async\" src=\"ilabde.jpg\" alt=\"\"><\/a><br \/>\n<span class=\"podpispartner\"><a title=\"CJD Maximiliansau\" href=\"http:\/\/ilab3.aps.edu.pl\/?page_id=354\">CJD Maximiliansau, Niemcy<\/a><\/span><\/div>\n<div class=\"itempartner\"><a title=\"Palack\u00fd University Olomouc\" href=\"http:\/\/ilab3.aps.edu.pl\/?page_id=1038\"><img decoding=\"async\" src=\"http:\/\/www.oldrover.pl\/guest\/cz_ilab.jpg\" alt=\"\"><\/a><br \/>\n<span class=\"podpispartner\"><a title=\"Palack\u00fd University Olomouc\" href=\"http:\/\/ilab3.aps.edu.pl\/?page_id=1038\">Uniwersytet Palackiego w O\u0142omu\u0144cu, Czechy<\/a><\/span><\/div>\n<p><!-- ------- --><\/p>\n","protected":false},"excerpt":{"rendered":"<p>i-Laby stworzone przez partner\u00f3w projektu: Akademia Pedagogiki Specjalnej, Warszawa, Polska Instytut Technologii Eksploatacji \u2013 Pa\u0144stwowy Instytut Badawczy, Radom, Polska CEIPES \u2013 International Centre for the Promotion of Education and Development, W\u0142ochy CJD Maximiliansau, Niemcy Uniwersytet Palackiego w O\u0142omu\u0144cu, Czechy<\/p>\n","protected":false},"author":1,"featured_media":370,"parent":0,"menu_order":0,"comment_status":"closed","ping_status":"closed","template":"page-template-full.php","meta":{"_bbp_topic_count":0,"_bbp_reply_count":0,"_bbp_total_topic_count":0,"_bbp_total_reply_count":0,"_bbp_voice_count":0,"_bbp_anonymous_reply_count":0,"_bbp_topic_count_hidden":0,"_bbp_reply_count_hidden":0,"_bbp_forum_subforum_count":0,"ngg_post_thumbnail":0,"footnotes":""},"class_list":["post-45","page","type-page","status-publish","has-post-thumbnail","hentry"],"_links":{"self":[{"href":"https:\/\/ilab3.aps.edu.pl\/index.php?rest_route=\/wp\/v2\/pages\/45","targetHints":{"allow":["GET"]}}],"collection":[{"href":"https:\/\/ilab3.aps.edu.pl\/index.php?rest_route=\/wp\/v2\/pages"}],"about":[{"href":"https:\/\/ilab3.aps.edu.pl\/index.php?rest_route=\/wp\/v2\/types\/page"}],"author":[{"embeddable":true,"href":"https:\/\/ilab3.aps.edu.pl\/index.php?rest_route=\/wp\/v2\/users\/1"}],"replies":[{"embeddable":true,"href":"https:\/\/ilab3.aps.edu.pl\/index.php?rest_route=%2Fwp%2Fv2%2Fcomments&post=45"}],"version-history":[{"count":32,"href":"https:\/\/ilab3.aps.edu.pl\/index.php?rest_route=\/wp\/v2\/pages\/45\/revisions"}],"predecessor-version":[{"id":3494,"href":"https:\/\/ilab3.aps.edu.pl\/index.php?rest_route=\/wp\/v2\/pages\/45\/revisions\/3494"}],"wp:featuredmedia":[{"embeddable":true,"href":"https:\/\/ilab3.aps.edu.pl\/index.php?rest_route=\/wp\/v2\/media\/370"}],"wp:attachment":[{"href":"https:\/\/ilab3.aps.edu.pl\/index.php?rest_route=%2Fwp%2Fv2%2Fmedia&parent=45"}],"curies":[{"name":"wp","href":"https:\/\/api.w.org\/{rel}","templated":true}]}}