{"id":43,"date":"2015-02-23T15:59:15","date_gmt":"2015-02-23T15:59:15","guid":{"rendered":"http:\/\/ilab3.aps.edu.pl\/?page_id=43"},"modified":"2017-05-28T17:35:23","modified_gmt":"2017-05-28T17:35:23","slug":"partnerzy","status":"publish","type":"page","link":"https:\/\/ilab3.aps.edu.pl\/?page_id=43","title":{"rendered":"Partnerzy"},"content":{"rendered":"<p>W realizacji projektu bior\u0105 udzia\u0142 nast\u0119puj\u0105ce instytucje:<\/p>\n<div class=\"spacerpartner\">\n<div class=\"itempartner\"><a title=\"Akademia Pedagogiki Specjalnej\" href=\"http:\/\/ilab3.aps.edu.pl\/?page_id=223\"><img decoding=\"async\" src=\"logo_aps.png\" alt=\"\"><\/a><br \/>\n<span class=\"podpispartner\"><a href=\"http:\/\/ilab3.aps.edu.pl\/?page_id=223\">Akademia Pedagogiki Specjalnej<\/a><\/span><\/div>\n<div class=\"itempartner\"><a title=\"Instytut Technologii Eksploatacji \u2013 Pa\u0144stwowy Instytut Badawczy\" href=\"http:\/\/ilab3.aps.edu.pl\/?page_id=237\"><img decoding=\"async\" src=\"logo_pl.png\" alt=\"\"><\/a><br \/>\n<span class=\"podpispartner\"><a title=\"Instytut Technologii Eksploatacji \u2013 Pa\u0144stwowy Instytut Badawczy\" href=\"http:\/\/ilab3.aps.edu.pl\/?page_id=237\">Instytut Technologii Eksploatacji \u2013 Pa\u0144stwowy Instytut Badawczy<\/a><\/span><\/div>\n<\/div>\n<p>&nbsp;<\/p>\n<div class=\"itempartner\"><a title=\"Centro Internazionale per la Promozione dell\u2019Educazione e lo Sviluppo\" href=\"http:\/\/ilab3.aps.edu.pl\/?page_id=227\"><img decoding=\"async\" src=\"logo_it.png\" alt=\"\"><\/a><br \/>\n<span class=\"podpispartner\"><a title=\"Centro Internazionale per la Promozione dell\u2019Educazione e lo Sviluppo\" href=\"http:\/\/ilab3.aps.edu.pl\/?page_id=227\">Centro Internazionale per la Promozione dell\u2019Educazione e lo Sviluppo<\/a><\/span><\/div>\n<div class=\"itempartner\"><a title=\"CJD Maximiliansau, Niemcy\" href=\"http:\/\/ilab3.aps.edu.pl\/?page_id=234\"><img decoding=\"async\" src=\"logo_de.png\" alt=\"\"><\/a><br \/>\n<a href=\"http:\/\/ilab3.aps.edu.pl\/?page_id=234\">CJD Rhein-Pfalz\/Nordbaden<span class=\"podpispartner\"> Niemcy<\/span><\/a><\/div>\n<div class=\"itempartner\"><a title=\"Univerzita Palack\u00e9ho v Olomouci\" href=\"http:\/\/ilab3.aps.edu.pl\/?page_id=240\"><img decoding=\"async\" src=\"logo_cz.png\" alt=\"\"><\/a><br \/>\n<span class=\"podpispartner\"><a title=\"Univerzita Palack\u00e9ho v Olomouci, Czechy\" href=\"http:\/\/ilab3.aps.edu.pl\/?page_id=240\">Univerzita Palack\u00e9ho v Olomouci<\/a><\/span><\/div>\n<p><!-- ------- --><\/p>\n","protected":false},"excerpt":{"rendered":"<p>W realizacji projektu bior\u0105 udzia\u0142 nast\u0119puj\u0105ce instytucje: Akademia Pedagogiki Specjalnej Instytut Technologii Eksploatacji \u2013 Pa\u0144stwowy Instytut Badawczy &nbsp; Centro Internazionale per la Promozione dell\u2019Educazione e lo Sviluppo CJD Rhein-Pfalz\/Nordbaden Niemcy Univerzita Palack\u00e9ho v Olomouci<\/p>\n","protected":false},"author":1,"featured_media":0,"parent":0,"menu_order":0,"comment_status":"closed","ping_status":"closed","template":"page-template-full.php","meta":{"_bbp_topic_count":0,"_bbp_reply_count":0,"_bbp_total_topic_count":0,"_bbp_total_reply_count":0,"_bbp_voice_count":0,"_bbp_anonymous_reply_count":0,"_bbp_topic_count_hidden":0,"_bbp_reply_count_hidden":0,"_bbp_forum_subforum_count":0,"ngg_post_thumbnail":0,"footnotes":""},"class_list":["post-43","page","type-page","status-publish","hentry"],"_links":{"self":[{"href":"https:\/\/ilab3.aps.edu.pl\/index.php?rest_route=\/wp\/v2\/pages\/43","targetHints":{"allow":["GET"]}}],"collection":[{"href":"https:\/\/ilab3.aps.edu.pl\/index.php?rest_route=\/wp\/v2\/pages"}],"about":[{"href":"https:\/\/ilab3.aps.edu.pl\/index.php?rest_route=\/wp\/v2\/types\/page"}],"author":[{"embeddable":true,"href":"https:\/\/ilab3.aps.edu.pl\/index.php?rest_route=\/wp\/v2\/users\/1"}],"replies":[{"embeddable":true,"href":"https:\/\/ilab3.aps.edu.pl\/index.php?rest_route=%2Fwp%2Fv2%2Fcomments&post=43"}],"version-history":[{"count":41,"href":"https:\/\/ilab3.aps.edu.pl\/index.php?rest_route=\/wp\/v2\/pages\/43\/revisions"}],"predecessor-version":[{"id":2511,"href":"https:\/\/ilab3.aps.edu.pl\/index.php?rest_route=\/wp\/v2\/pages\/43\/revisions\/2511"}],"wp:attachment":[{"href":"https:\/\/ilab3.aps.edu.pl\/index.php?rest_route=%2Fwp%2Fv2%2Fmedia&parent=43"}],"curies":[{"name":"wp","href":"https:\/\/api.w.org\/{rel}","templated":true}]}}