{"id":354,"date":"2015-02-25T13:14:48","date_gmt":"2015-02-25T13:14:48","guid":{"rendered":"http:\/\/ilab3.aps.edu.pl\/?page_id=354"},"modified":"2017-05-28T18:08:20","modified_gmt":"2017-05-28T18:08:20","slug":"i-lab-realizowany-przez-cjd-maximiliansau","status":"publish","type":"page","link":"https:\/\/ilab3.aps.edu.pl\/?page_id=354","title":{"rendered":"i-Lab stworzony przerz CJD Maximiliansau, Niemcy"},"content":{"rendered":"<p>Poczyniono ju\u017c pierwsze kroki w stron\u0119 realizacji projektu:<\/p>\n<p><!-- default-view.php -->\n<div\n\tclass=\"ngg-galleryoverview default-view\n\t ngg-ajax-pagination-none\t\"\n\tid=\"ngg-gallery-a3cbed11476a16c0a2ad8dfe262a93b4-1\"\n\tdata-nextgen-gallery-id=\"13\"\n\tdata-gallery-id=\"13\"\n\t\tdata-gallery-name=\"ILab Germany\"\n\t>\n\n\t\t<!-- Thumbnails -->\n\t\t\t\t<div id=\"ngg-image-0\" class=\"ngg-gallery-thumbnail-box\n\t\t\t\t\t\t\t\t\t\t\t\"\n\t\t\t>\n\t\t\t\t\t\t<div class=\"ngg-gallery-thumbnail\">\n\t\t<a href=\"https:\/\/ilab3.aps.edu.pl\/wp-content\/uploads\/ilab-germany\/IMG0539.JPG?t=1506096255\"\n\t\t\ttitle=\"\"\n\t\t\tdata-src=\"https:\/\/ilab3.aps.edu.pl\/wp-content\/uploads\/ilab-germany\/IMG0539.JPG?t=1506096255\"\n\t\t\tdata-thumbnail=\"https:\/\/ilab3.aps.edu.pl\/wp-content\/uploads\/ilab-germany\/thumbs\/thumbs_IMG0539.JPG?t=1506096255\"\n\t\t\tdata-image-id=\"1\"\n\t\t\tdata-image-name=\"IMG0539.JPG\"\n\t\t\tdata-title=\"IMG0539.JPG\"\n\t\t\tdata-description=\"\"\n\t\t\tdata-image-slug=\"img0539-jpg\"\n\t\t\t\t\t\t\t\t\t\t\t\t\t\t\t\t\t\t\t\tclass=\"ngg-fancybox\" rel=\"a3cbed11476a16c0a2ad8dfe262a93b4\">\n\t\t\t\t\t\t\t\t<img\n\t\t\t\t\ttitle=\"IMG0539.JPG\"\n\t\t\t\t\talt=\"IMG0539.JPG\"\n\t\t\t\t\tsrc=\"https:\/\/ilab3.aps.edu.pl\/wp-content\/uploads\/ilab-germany\/thumbs\/thumbs_IMG0539.JPG?t=1506096255\"\n\t\t\t\t\twidth=\"120\"\n\t\t\t\t\theight=\"90\"\n\t\t\t\t\tstyle=\"max-width:100%;\"\n\t\t\t\t\/>\n\t\t\t<\/a>\n\t\t<\/div>\n\t\t\t\t\t\t\t<\/div>\n\t\t\t\n\t\t\t\t<div id=\"ngg-image-1\" class=\"ngg-gallery-thumbnail-box\n\t\t\t\t\t\t\t\t\t\t\t\"\n\t\t\t>\n\t\t\t\t\t\t<div class=\"ngg-gallery-thumbnail\">\n\t\t<a href=\"https:\/\/ilab3.aps.edu.pl\/wp-content\/uploads\/ilab-germany\/IMG0541.JPG?t=1424858565\"\n\t\t\ttitle=\" \"\n\t\t\tdata-src=\"https:\/\/ilab3.aps.edu.pl\/wp-content\/uploads\/ilab-germany\/IMG0541.JPG?t=1424858565\"\n\t\t\tdata-thumbnail=\"https:\/\/ilab3.aps.edu.pl\/wp-content\/uploads\/ilab-germany\/thumbs\/thumbs_IMG0541.JPG?t=1424858565\"\n\t\t\tdata-image-id=\"2\"\n\t\t\tdata-image-name=\"IMG0541.JPG\"\n\t\t\tdata-title=\"IMG0541.JPG\"\n\t\t\tdata-description=\" \"\n\t\t\tdata-image-slug=\"img0541-jpg\"\n\t\t\t\t\t\t\t\t\t\t\t\t\t\t\t\t\t\t\t\tclass=\"ngg-fancybox\" rel=\"a3cbed11476a16c0a2ad8dfe262a93b4\">\n\t\t\t\t\t\t\t\t<img\n\t\t\t\t\ttitle=\"IMG0541.JPG\"\n\t\t\t\t\talt=\"IMG0541.JPG\"\n\t\t\t\t\tsrc=\"https:\/\/ilab3.aps.edu.pl\/wp-content\/uploads\/ilab-germany\/thumbs\/thumbs_IMG0541.JPG?t=1424858565\"\n\t\t\t\t\twidth=\"120\"\n\t\t\t\t\theight=\"90\"\n\t\t\t\t\tstyle=\"max-width:100%;\"\n\t\t\t\t\/>\n\t\t\t<\/a>\n\t\t<\/div>\n\t\t\t\t\t\t\t<\/div>\n\t\t\t\n\t\n\t<br style=\"clear: both\" \/>\n\n\t\n\t\t<!-- Pagination -->\n\t\t<div class='ngg-clear'><\/div>\t<\/div>\n<\/p>\n<p>i-Lab z samodzielnie pomalowanymi \u015bcianami i zrobionymi meblami:<\/p>\nngg_shortcode_0_placeholder\n<p>M\u0142odzi ludzie ze specjalnymi potrzebami dzia\u0142aj\u0105:<\/p>\nngg_shortcode_1_placeholder\n<p>Spotkanie zarz\u0105du:<\/p>\nngg_shortcode_2_placeholder\n","protected":false},"excerpt":{"rendered":"<p>Poczyniono ju\u017c pierwsze kroki w stron\u0119 realizacji projektu: i-Lab z samodzielnie pomalowanymi \u015bcianami i zrobionymi meblami: &#8221; order_by=&#8221;sortorder&#8221; order_direction=&#8221;ASC&#8221; returns=&#8221;included&#8221; maximum_entity_count=&#8221;500&#8243;]&nbsp; M\u0142odzi ludzie ze specjalnymi potrzebami dzia\u0142aj\u0105: &#8221; order_by=&#8221;sortorder&#8221; order_direction=&#8221;ASC&#8221; returns=&#8221;included&#8221; maximum_entity_count=&#8221;500&#8243;]&nbsp; Spotkanie zarz\u0105du: &#8221; order_by=&#8221;sortorder&#8221; order_direction=&#8221;ASC&#8221; returns=&#8221;included&#8221; maximum_entity_count=&#8221;500&#8243;]<\/p>\n","protected":false},"author":1,"featured_media":0,"parent":0,"menu_order":0,"comment_status":"closed","ping_status":"closed","template":"","meta":{"_bbp_topic_count":0,"_bbp_reply_count":0,"_bbp_total_topic_count":0,"_bbp_total_reply_count":0,"_bbp_voice_count":0,"_bbp_anonymous_reply_count":0,"_bbp_topic_count_hidden":0,"_bbp_reply_count_hidden":0,"_bbp_forum_subforum_count":0,"ngg_post_thumbnail":0,"footnotes":""},"class_list":["post-354","page","type-page","status-publish","hentry"],"_links":{"self":[{"href":"https:\/\/ilab3.aps.edu.pl\/index.php?rest_route=\/wp\/v2\/pages\/354","targetHints":{"allow":["GET"]}}],"collection":[{"href":"https:\/\/ilab3.aps.edu.pl\/index.php?rest_route=\/wp\/v2\/pages"}],"about":[{"href":"https:\/\/ilab3.aps.edu.pl\/index.php?rest_route=\/wp\/v2\/types\/page"}],"author":[{"embeddable":true,"href":"https:\/\/ilab3.aps.edu.pl\/index.php?rest_route=\/wp\/v2\/users\/1"}],"replies":[{"embeddable":true,"href":"https:\/\/ilab3.aps.edu.pl\/index.php?rest_route=%2Fwp%2Fv2%2Fcomments&post=354"}],"version-history":[{"count":13,"href":"https:\/\/ilab3.aps.edu.pl\/index.php?rest_route=\/wp\/v2\/pages\/354\/revisions"}],"predecessor-version":[{"id":2520,"href":"https:\/\/ilab3.aps.edu.pl\/index.php?rest_route=\/wp\/v2\/pages\/354\/revisions\/2520"}],"wp:attachment":[{"href":"https:\/\/ilab3.aps.edu.pl\/index.php?rest_route=%2Fwp%2Fv2%2Fmedia&parent=354"}],"curies":[{"name":"wp","href":"https:\/\/api.w.org\/{rel}","templated":true}]}}