{"id":3465,"date":"2017-12-19T14:35:08","date_gmt":"2017-12-19T14:35:08","guid":{"rendered":"http:\/\/ilab3.aps.edu.pl\/?page_id=3465"},"modified":"2017-12-19T14:35:08","modified_gmt":"2017-12-19T14:35:08","slug":"nutzliche-links","status":"publish","type":"page","link":"https:\/\/ilab3.aps.edu.pl\/?page_id=3465","title":{"rendered":"N\u00fctzliche Links"},"content":{"rendered":"<h1><strong>N\u00fctzliche Links<\/strong><\/h1>\n<ul>\n<li>I-Labs \u00fcberall auf der Welt<\/li>\n<li>i-Lab 2 \u00dcbertragung von Innovationsprojekt <a href=\"http:\/\/www.ilab2.eu\/\">http:\/\/www.ilab2.eu\/<\/a><\/li>\n<li>Tennessee State Universit\u00e4t I-Lab <a href=\"http:\/\/www.etsu.edu\/ilab\/default.php\">http:\/\/www.etsu.edu\/ilab\/default.php<\/a><\/li>\n<li>University of Virginia: <a href=\"http:\/\/www.darden.virginia.edu\/executive-education\/grounds-inn\/ilab\/\">http:\/\/www.darden.virginia.edu\/executive-education\/grounds-inn\/ilab\/<\/a><\/li>\n<li>Berufsbildung<\/li>\n<li>OECD Politikberichte zu Berufsbildung (Policy Reviews of Vocational Education and Training: VET) \u2013 Ver\u00f6ffentlichungen, Arbeitspapiere, Blogs und Videos: <a href=\"http:\/\/www.oecd.org\/edu\/skills-beyond-school\/publicationsworkingpapersblogsandvideos.htm\">http:\/\/www.oecd.org\/edu\/skills-beyond-school\/publicationsworkingpapersblogsandvideos.htm<\/a><\/li>\n<li>Arbeitsbasiertes Lernen in Europa: <a href=\"http:\/\/ec.europa.eu\/dgs\/education_culture\/repository\/education\/policy\/vocational-policy\/doc\/alliance\/work-based-learning-in-europe_en.pdf\">http:\/\/ec.europa.eu\/dgs\/education_culture\/repository\/education\/policy\/vocational-policy\/doc\/alliance\/work-based-learning-in-europe_en.pdf<\/a><\/li>\n<li>Cedefop publications: <a href=\"http:\/\/www.cedefop.europa.eu\/en\/publications-and-resources\">http:\/\/www.cedefop.europa.eu\/en\/publications-and-resources<\/a><\/li>\n<li>Die Europ\u00e4ische Stiftung f\u00fcr Berufsbildung: http:\/\/www.etf.europa.eu\/web.nsf\/pages\/home<\/li>\n<li>Zeitschrift f\u00fcr Berufsbildung: <a href=\"http:\/\/www.tandfonline.com\/toc\/rjve20\/current\">http:\/\/www.tandfonline.com\/toc\/rjve20\/current<\/a><\/li>\n<li>Empirische Forschung in der beruflichen Bildung: <a href=\"https:\/\/ervet-journal.springeropen.com\/\">https:\/\/ervet-journal.springeropen.com\/<\/a><\/li>\n<\/ul>\n<p>Video Journal f\u00fcr Bildung und P\u00e4dagogik <a href=\"https:\/\/videoeducationjournal.springeropen.com\/articles\">https:\/\/videoeducationjournal.springeropen.com\/articles<\/a><\/p>\n","protected":false},"excerpt":{"rendered":"<p>N\u00fctzliche Links I-Labs \u00fcberall auf der Welt i-Lab 2 \u00dcbertragung von Innovationsprojekt http:\/\/www.ilab2.eu\/ Tennessee State Universit\u00e4t I-Lab http:\/\/www.etsu.edu\/ilab\/default.php University of Virginia: http:\/\/www.darden.virginia.edu\/executive-education\/grounds-inn\/ilab\/ Berufsbildung OECD Politikberichte zu Berufsbildung (Policy Reviews of Vocational Education and Training: VET) \u2013 Ver\u00f6ffentlichungen, Arbeitspapiere, Blogs und Videos: http:\/\/www.oecd.org\/edu\/skills-beyond-school\/publicationsworkingpapersblogsandvideos.htm Arbeitsbasiertes Lernen in Europa: http:\/\/ec.europa.eu\/dgs\/education_culture\/repository\/education\/policy\/vocational-policy\/doc\/alliance\/work-based-learning-in-europe_en.pdf Cedefop publications: http:\/\/www.cedefop.europa.eu\/en\/publications-and-resources Die Europ\u00e4ische Stiftung f\u00fcr Berufsbildung:<\/p>\n","protected":false},"author":1,"featured_media":0,"parent":0,"menu_order":0,"comment_status":"closed","ping_status":"closed","template":"","meta":{"_bbp_topic_count":0,"_bbp_reply_count":0,"_bbp_total_topic_count":0,"_bbp_total_reply_count":0,"_bbp_voice_count":0,"_bbp_anonymous_reply_count":0,"_bbp_topic_count_hidden":0,"_bbp_reply_count_hidden":0,"_bbp_forum_subforum_count":0,"ngg_post_thumbnail":0,"footnotes":""},"class_list":["post-3465","page","type-page","status-publish","hentry"],"_links":{"self":[{"href":"https:\/\/ilab3.aps.edu.pl\/index.php?rest_route=\/wp\/v2\/pages\/3465","targetHints":{"allow":["GET"]}}],"collection":[{"href":"https:\/\/ilab3.aps.edu.pl\/index.php?rest_route=\/wp\/v2\/pages"}],"about":[{"href":"https:\/\/ilab3.aps.edu.pl\/index.php?rest_route=\/wp\/v2\/types\/page"}],"author":[{"embeddable":true,"href":"https:\/\/ilab3.aps.edu.pl\/index.php?rest_route=\/wp\/v2\/users\/1"}],"replies":[{"embeddable":true,"href":"https:\/\/ilab3.aps.edu.pl\/index.php?rest_route=%2Fwp%2Fv2%2Fcomments&post=3465"}],"version-history":[{"count":1,"href":"https:\/\/ilab3.aps.edu.pl\/index.php?rest_route=\/wp\/v2\/pages\/3465\/revisions"}],"predecessor-version":[{"id":3466,"href":"https:\/\/ilab3.aps.edu.pl\/index.php?rest_route=\/wp\/v2\/pages\/3465\/revisions\/3466"}],"wp:attachment":[{"href":"https:\/\/ilab3.aps.edu.pl\/index.php?rest_route=%2Fwp%2Fv2%2Fmedia&parent=3465"}],"curies":[{"name":"wp","href":"https:\/\/api.w.org\/{rel}","templated":true}]}}