{"id":3463,"date":"2017-12-19T14:32:57","date_gmt":"2017-12-19T14:32:57","guid":{"rendered":"http:\/\/ilab3.aps.edu.pl\/?page_id=3463"},"modified":"2017-12-19T14:32:57","modified_gmt":"2017-12-19T14:32:57","slug":"die-i-labs-geshafen-in-rahmen-des-projektes","status":"publish","type":"page","link":"https:\/\/ilab3.aps.edu.pl\/?page_id=3463","title":{"rendered":"Die i-Labs geshafen in rahmen des Projektes"},"content":{"rendered":"<h1>Die i-Labs geshafen in rahmen des Projektes<\/h1>\n<p>i-Laby stworzone w ramach projektu:<\/p>\n<div class=\"spacerpartner\">\n<div class=\"itempartner\"><a title=\"The Maria Grzegorzewska University of Special Education\" href=\"http:\/\/ilab3.aps.edu.pl\/?page_id=350\"><img decoding=\"async\" src=\"ilabaps.jpg\" alt=\"\"><\/a><br \/>\n<span class=\"podpispartner\"><a href=\"http:\/\/ilab3.aps.edu.pl\/?page_id=350\">Akademia Pedagogiki Specjalnej, Polska<\/a><\/span><\/div>\n<div class=\"itempartner\">&nbsp;<\/div>\n<\/div>\n<div class=\"itempartner\"><a title=\"CEIPES \u2013 International Centre for the Promotion of Education and Development\" href=\"http:\/\/ilab3.aps.edu.pl\/?page_id=1036\"><img decoding=\"async\" src=\"http:\/\/www.oldrover.pl\/guest\/it_ilab.jpg\" alt=\"\"><\/a><br \/>\n<span class=\"podpispartner\"><a title=\"CEIPES \u2013 International Centre for the Promotion of Education and Development\" href=\"http:\/\/ilab3.aps.edu.pl\/?page_id=1036\">CEIPES \u2013 International Centre for the Promotion of Education and Development, W\u0142ochy<\/a><\/span><\/div>\n<div class=\"itempartner\"><a title=\"CJD Maximiliansau\" href=\"http:\/\/ilab3.aps.edu.pl\/?page_id=354\"><img decoding=\"async\" src=\"ilabde.jpg\" alt=\"\"><\/a><br \/>\n<span class=\"podpispartner\"><a title=\"CJD Maximiliansau\" href=\"http:\/\/ilab3.aps.edu.pl\/?page_id=354\">CJD Maximiliansau, Niemcy<\/a><\/span><\/div>\n<div class=\"itempartner\"><a title=\"Palack\u00fd University Olomouc\" href=\"http:\/\/ilab3.aps.edu.pl\/?page_id=1038\"><img decoding=\"async\" src=\"http:\/\/www.oldrover.pl\/guest\/cz_ilab.jpg\" alt=\"\"><\/a><span class=\"podpispartner\"><a title=\"Palack\u00fd University Olomouc\" href=\"http:\/\/ilab3.aps.edu.pl\/?page_id=1038\">Uniwersytet Palackiego w O\u0142omu\u0144cu, Czechy<\/a><\/span><\/div>\n","protected":false},"excerpt":{"rendered":"<p>Die i-Labs geshafen in rahmen des Projektes i-Laby stworzone w ramach projektu: Akademia Pedagogiki Specjalnej, Polska &nbsp; CEIPES \u2013 International Centre for the Promotion of Education and Development, W\u0142ochy CJD Maximiliansau, Niemcy Uniwersytet Palackiego w O\u0142omu\u0144cu, Czechy<\/p>\n","protected":false},"author":1,"featured_media":0,"parent":0,"menu_order":0,"comment_status":"closed","ping_status":"closed","template":"","meta":{"_bbp_topic_count":0,"_bbp_reply_count":0,"_bbp_total_topic_count":0,"_bbp_total_reply_count":0,"_bbp_voice_count":0,"_bbp_anonymous_reply_count":0,"_bbp_topic_count_hidden":0,"_bbp_reply_count_hidden":0,"_bbp_forum_subforum_count":0,"ngg_post_thumbnail":0,"footnotes":""},"class_list":["post-3463","page","type-page","status-publish","hentry"],"_links":{"self":[{"href":"https:\/\/ilab3.aps.edu.pl\/index.php?rest_route=\/wp\/v2\/pages\/3463","targetHints":{"allow":["GET"]}}],"collection":[{"href":"https:\/\/ilab3.aps.edu.pl\/index.php?rest_route=\/wp\/v2\/pages"}],"about":[{"href":"https:\/\/ilab3.aps.edu.pl\/index.php?rest_route=\/wp\/v2\/types\/page"}],"author":[{"embeddable":true,"href":"https:\/\/ilab3.aps.edu.pl\/index.php?rest_route=\/wp\/v2\/users\/1"}],"replies":[{"embeddable":true,"href":"https:\/\/ilab3.aps.edu.pl\/index.php?rest_route=%2Fwp%2Fv2%2Fcomments&post=3463"}],"version-history":[{"count":1,"href":"https:\/\/ilab3.aps.edu.pl\/index.php?rest_route=\/wp\/v2\/pages\/3463\/revisions"}],"predecessor-version":[{"id":3464,"href":"https:\/\/ilab3.aps.edu.pl\/index.php?rest_route=\/wp\/v2\/pages\/3463\/revisions\/3464"}],"wp:attachment":[{"href":"https:\/\/ilab3.aps.edu.pl\/index.php?rest_route=%2Fwp%2Fv2%2Fmedia&parent=3463"}],"curies":[{"name":"wp","href":"https:\/\/api.w.org\/{rel}","templated":true}]}}