{"id":2989,"date":"2017-06-09T10:25:00","date_gmt":"2017-06-09T10:25:00","guid":{"rendered":"http:\/\/ilab3.aps.edu.pl\/?page_id=2989"},"modified":"2017-12-19T21:04:15","modified_gmt":"2017-12-19T21:04:15","slug":"how-did-we-do-it-cz","status":"publish","type":"page","link":"https:\/\/ilab3.aps.edu.pl\/?page_id=2989","title":{"rendered":"Jak jsme to ud\u011blali? N\u00e1\u0161 i-Lab"},"content":{"rendered":"<h1><span lang=\"en-AU\">Jak jsme to ud\u011blali? N\u00e1\u0161 i-Lab<\/span><\/h1>\n<div class=\"spacerpartner\">\n<div class=\"itempartner\"><a title=\"The Maria Grzegorzewska University of Special Education\" href=\"http:\/\/ilab3.aps.edu.pl\/?page_id=563\"><img decoding=\"async\" src=\"ilabaps.jpg\" alt=\"\"><\/a><br \/>\n<span class=\"podpispartner\"><a href=\"http:\/\/ilab3.aps.edu.pl\/?page_id=563\">Akademia Pedagogiki Specjalnej<\/a><\/span><\/div>\n<div class=\"itempartner\">&nbsp;<\/div>\n<\/div>\n<div class=\"itempartner\"><a title=\"CEIPES \u2013 International Centre for the Promotion of Education and Development\" href=\"http:\/\/ilab3.aps.edu.pl\/?page_id=1110\"><img decoding=\"async\" src=\"http:\/\/www.oldrover.pl\/guest\/it_ilab.jpg\" alt=\"\"><\/a><br \/>\n<span class=\"podpispartner\"><a title=\"CEIPES \u2013 International Centre for the Promotion of Education and Development\" href=\"http:\/\/ilab3.aps.edu.pl\/?page_id=1110\">CEIPES \u2013 International Centre for the Promotion of Education and Development<\/a><\/span><\/div>\n<div class=\"itempartner\"><a title=\"CJD Maximiliansau\" href=\"http:\/\/ilab3.aps.edu.pl\/?page_id=572\"><img decoding=\"async\" src=\"ilabde.jpg\" alt=\"\"><\/a><br \/>\n<span class=\"podpispartner\"><a title=\"CJD Maximiliansau\" href=\"http:\/\/ilab3.aps.edu.pl\/?page_id=572\">CJD Maximiliansau<\/a><\/span><\/div>\n<div class=\"itempartner\"><a title=\"Palack\u00fd University Olomouc\" href=\"http:\/\/ilab3.aps.edu.pl\/?page_id=1099\"><img decoding=\"async\" src=\"http:\/\/www.oldrover.pl\/guest\/cz_ilab.jpg\" alt=\"\"><\/a><br \/>\n<span class=\"podpispartner\"><a title=\"Palack\u00fd University Olomouc\" href=\"http:\/\/ilab3.aps.edu.pl\/?page_id=1099\">Palack\u00fd University Olomouc<\/a><\/span><\/div>\n","protected":false},"excerpt":{"rendered":"<p>Jak jsme to ud\u011blali? N\u00e1\u0161 i-Lab Akademia Pedagogiki Specjalnej &nbsp; CEIPES \u2013 International Centre for the Promotion of Education and Development CJD Maximiliansau Palack\u00fd University Olomouc<\/p>\n","protected":false},"author":1,"featured_media":0,"parent":0,"menu_order":0,"comment_status":"closed","ping_status":"closed","template":"","meta":{"_bbp_topic_count":0,"_bbp_reply_count":0,"_bbp_total_topic_count":0,"_bbp_total_reply_count":0,"_bbp_voice_count":0,"_bbp_anonymous_reply_count":0,"_bbp_topic_count_hidden":0,"_bbp_reply_count_hidden":0,"_bbp_forum_subforum_count":0,"ngg_post_thumbnail":0,"footnotes":""},"class_list":["post-2989","page","type-page","status-publish","hentry"],"_links":{"self":[{"href":"https:\/\/ilab3.aps.edu.pl\/index.php?rest_route=\/wp\/v2\/pages\/2989","targetHints":{"allow":["GET"]}}],"collection":[{"href":"https:\/\/ilab3.aps.edu.pl\/index.php?rest_route=\/wp\/v2\/pages"}],"about":[{"href":"https:\/\/ilab3.aps.edu.pl\/index.php?rest_route=\/wp\/v2\/types\/page"}],"author":[{"embeddable":true,"href":"https:\/\/ilab3.aps.edu.pl\/index.php?rest_route=\/wp\/v2\/users\/1"}],"replies":[{"embeddable":true,"href":"https:\/\/ilab3.aps.edu.pl\/index.php?rest_route=%2Fwp%2Fv2%2Fcomments&post=2989"}],"version-history":[{"count":5,"href":"https:\/\/ilab3.aps.edu.pl\/index.php?rest_route=\/wp\/v2\/pages\/2989\/revisions"}],"predecessor-version":[{"id":3549,"href":"https:\/\/ilab3.aps.edu.pl\/index.php?rest_route=\/wp\/v2\/pages\/2989\/revisions\/3549"}],"wp:attachment":[{"href":"https:\/\/ilab3.aps.edu.pl\/index.php?rest_route=%2Fwp%2Fv2%2Fmedia&parent=2989"}],"curies":[{"name":"wp","href":"https:\/\/api.w.org\/{rel}","templated":true}]}}