{"id":237,"date":"2015-02-23T21:00:26","date_gmt":"2015-02-23T21:00:26","guid":{"rendered":"http:\/\/ilab3.aps.edu.pl\/?page_id=237"},"modified":"2017-09-07T17:03:43","modified_gmt":"2017-09-07T17:03:43","slug":"instytut-technologii-eksploatacji-panstwowy-instytut-badawczy","status":"publish","type":"page","link":"https:\/\/ilab3.aps.edu.pl\/?page_id=237","title":{"rendered":"Instytut Technologii Eksploatacji \u2013 Pa\u0144stwowy Instytut Badawczy"},"content":{"rendered":"<h1><strong>Instytut Technologii Eksploatacji-Pa\u0144stwowy Instytut Badawczy<\/strong><\/h1>\n<p><strong>&nbsp;Instytut Technologii Eksploatacji-PIB (ITeE-PIB) w Radomiu<\/strong> to pa\u0144stwowy instytut naukowo-badawczy utworzony w roku 1986. Prowadzi badania podstawowe i stosowane oraz projekty wdro\u017ceniowe w obszarze zaawansowanych technologii, in\u017cynierii materia\u0142owej, ochrony \u015brodowiska, transformacji wiedzy, ustawicznej edukacji zawodowej oraz rozwoju kapita\u0142u intelektualnego.<\/p>\n<p><strong>Osoby do kontaktu<\/strong>:<\/p>\n<ul>\n<li>tomasz.sulkowski@itee.radom.pl<\/li>\n<li>jola.religa@itee.radom.pl<\/li>\n<\/ul>\n<p><strong>Strona internetowa<\/strong>: www.itee.radom.pl<\/p>\n","protected":false},"excerpt":{"rendered":"<p>Instytut Technologii Eksploatacji-Pa\u0144stwowy Instytut Badawczy &nbsp;Instytut Technologii Eksploatacji-PIB (ITeE-PIB) w Radomiu to pa\u0144stwowy instytut naukowo-badawczy utworzony w roku 1986. Prowadzi badania podstawowe i stosowane oraz projekty wdro\u017ceniowe w obszarze zaawansowanych technologii, in\u017cynierii materia\u0142owej, ochrony \u015brodowiska, transformacji wiedzy, ustawicznej edukacji zawodowej oraz rozwoju kapita\u0142u intelektualnego. Osoby do kontaktu: tomasz.sulkowski@itee.radom.pl jola.religa@itee.radom.pl Strona internetowa: www.itee.radom.pl<\/p>\n","protected":false},"author":1,"featured_media":0,"parent":0,"menu_order":0,"comment_status":"closed","ping_status":"closed","template":"","meta":{"_bbp_topic_count":0,"_bbp_reply_count":0,"_bbp_total_topic_count":0,"_bbp_total_reply_count":0,"_bbp_voice_count":0,"_bbp_anonymous_reply_count":0,"_bbp_topic_count_hidden":0,"_bbp_reply_count_hidden":0,"_bbp_forum_subforum_count":0,"ngg_post_thumbnail":0,"footnotes":""},"class_list":["post-237","page","type-page","status-publish","hentry"],"_links":{"self":[{"href":"https:\/\/ilab3.aps.edu.pl\/index.php?rest_route=\/wp\/v2\/pages\/237","targetHints":{"allow":["GET"]}}],"collection":[{"href":"https:\/\/ilab3.aps.edu.pl\/index.php?rest_route=\/wp\/v2\/pages"}],"about":[{"href":"https:\/\/ilab3.aps.edu.pl\/index.php?rest_route=\/wp\/v2\/types\/page"}],"author":[{"embeddable":true,"href":"https:\/\/ilab3.aps.edu.pl\/index.php?rest_route=\/wp\/v2\/users\/1"}],"replies":[{"embeddable":true,"href":"https:\/\/ilab3.aps.edu.pl\/index.php?rest_route=%2Fwp%2Fv2%2Fcomments&post=237"}],"version-history":[{"count":15,"href":"https:\/\/ilab3.aps.edu.pl\/index.php?rest_route=\/wp\/v2\/pages\/237\/revisions"}],"predecessor-version":[{"id":3326,"href":"https:\/\/ilab3.aps.edu.pl\/index.php?rest_route=\/wp\/v2\/pages\/237\/revisions\/3326"}],"wp:attachment":[{"href":"https:\/\/ilab3.aps.edu.pl\/index.php?rest_route=%2Fwp%2Fv2%2Fmedia&parent=237"}],"curies":[{"name":"wp","href":"https:\/\/api.w.org\/{rel}","templated":true}]}}