{"id":234,"date":"2015-02-23T20:59:38","date_gmt":"2015-02-23T20:59:38","guid":{"rendered":"http:\/\/ilab3.aps.edu.pl\/?page_id=234"},"modified":"2017-05-28T17:32:30","modified_gmt":"2017-05-28T17:32:30","slug":"christliches-jugenddorfwerk-deutschlands","status":"publish","type":"page","link":"https:\/\/ilab3.aps.edu.pl\/?page_id=234","title":{"rendered":"Christliches Jugenddorfwerk Deutschlands"},"content":{"rendered":"<h1><strong><em>CJD \u2013 Tworzenie przestrzeni do uczestnictwa w \u017cyciu i spo\u0142ecze\u0144stwie<\/em><\/strong><span id=\"result_box\" class=\"\" lang=\"pl\"><\/span><br \/>\n<span id=\"result_box\" class=\"\" lang=\"pl\"><\/span><\/h1>\n<p><span id=\"result_box\" class=\"\" lang=\"pl\"><span title=\"CJD \u2013 Creating participation in life and society \"><br \/>\n<\/span><span title=\"The CJD was founded in 1947 and is a registered charity organization.\">CJD czyli&nbsp;<span title=\"CJD stands for \u201eChristliches Jugenddorfwerk Deutschlands\u201d (Christian Association of Youth Villages). \"> &#8220;Christliches Jugenddorfwerk Deutschlands&#8221;<\/span> jest&nbsp; <span title=\"CJD stands for \u201eChristliches Jugenddorfwerk Deutschlands\u201d (Christian Association of Youth Villages). \">Chrze\u015bcija\u0144skim Stowarzyszeniem Miast M\u0142odych, <\/span>powsta\u0142ym w 1947 roku<\/span><span title=\"CJD stands for \u201eChristliches Jugenddorfwerk Deutschlands\u201d (Christian Association of Youth Villages). \">. Nasze dzia\u0142ania opiera\u0142y si\u0119 na ha\u015ble: <\/span><span title=\"Back then the central idea was stamped \u201eLet no one fall by the wayside!\u201d.\">&#8220;Niech nikt nie spada na pobocze!&#8221;, co dzi\u015b o<\/span><span title=\"Today this means everybody is entitled to participate in life and in society. \">znacza, \u017ce ka\u017cdy ma prawo uczestniczy\u0107 w \u017cyciu i w spo\u0142ecze\u0144stwie. <\/span><span title=\"The CJD enables people to make their lives successful. \">CJD pozwala wi\u0119c ludziom na udane \u017cycie.<br \/>\n<\/span><\/span><\/p>\n<p><span id=\"result_box\" class=\"\" lang=\"pl\"><span title=\"The strengths of CJD are networked services based on the needs of people in all stages of life that are supported by the vision of an inclusive society.\">CJD proponuje ludziom us\u0142ugi oparte na wizji spo\u0142ecze\u0144stwa integruj\u0105cego, odwo\u0142uj\u0105c si\u0119 do potrzeb ludzi pojawiaj\u0105cych si\u0119 na wszystkich etapach ich \u017cycia. Razem z partnerami <\/span><span title=\"CJD is a quality provider and network designer in the social space and works with suitable partners. \">CJD jest dostawc\u0105 jako\u015bci i projektantem sieci w przestrzeni spo\u0142ecznej.<\/span><\/span><\/p>\n<p><span title=\"CJD Employees form a community that has its basis in the Christian values of humanity. \">Pracownicy CJD tworz\u0105 wsp\u00f3lnot\u0119, kt\u00f3ra ma podstaw\u0119 w chrze\u015bcija\u0144skich warto\u015bciach ludzko\u015bci. <\/span><span title=\"Every year the CJD offers 155,000 young and adult people orientation and opportunities for the future.\">Ka\u017cdego roku CJD oferuje 155 000 m\u0142odym ludziom i doros\u0142ym przestrze\u0144 do odkrywania przysz\u0142ej drogi zawodowej. <\/span><span title=\"More than 9,500 full-time and many volunteer staff at over 150 locations offer support, teach training skills and provide education. \">Ponad 9500 pracownik\u00f3w zatrudnionych w pe\u0142nym wymiarze godzin i wielu pracownik\u00f3w wolontariuszy w ponad 150 lokalizacjach oferuje wsparcie, umiej\u0119tno\u015bci szkoleniowe i edukacj\u0119 innym.<\/span><\/p>\n<p><span title=\"In its schools, vocational centers, counselling and support facilities, the CJD promotes the educational needs of young people and adults \u2013 for example by helping adolescents with learning disabilities find apprenticeships, by teaching highly gifted students or students afflicted with asthma at special schools, through\">W swoich szko\u0142ach, o\u015brodkach kszta\u0142cenia, poradniach i plac\u00f3wkach wsparcia CJD odwo\u0142uje si\u0119 do potrzeb edukacyjnych m\u0142odych ludzi i doros\u0142ych, pomagaj\u0105c m.in.:<\/span><\/p>\n<ul>\n<li><span id=\"result_box\" class=\"\" lang=\"pl\"><span title=\"In its schools, vocational centers, counselling and support facilities, the CJD promotes the educational needs of young people and adults \u2013 for example by helping adolescents with learning disabilities find apprenticeships, by teaching highly gifted students or students afflicted with asthma at special schools, through\">nastolatkom z niepe\u0142nosprawno\u015bci\u0105 w uczeniu si\u0119 znale\u017a\u0107 praktyki zawodowe, <\/span><\/span><\/li>\n<li><span id=\"result_box\" class=\"\" lang=\"pl\"><span title=\"In its schools, vocational centers, counselling and support facilities, the CJD promotes the educational needs of young people and adults \u2013 for example by helping adolescents with learning disabilities find apprenticeships, by teaching highly gifted students or students afflicted with asthma at special schools, through\">bardzo utalentowanych studentom dotkni\u0119tych astm\u0105 w specjalnych szko\u0142ach<\/span><\/span><\/li>\n<li><span id=\"result_box\" class=\"\" lang=\"pl\"><span title=\"In its schools, vocational centers, counselling and support facilities, the CJD promotes the educational needs of young people and adults \u2013 for example by helping adolescents with learning disabilities find apprenticeships, by teaching highly gifted students or students afflicted with asthma at special schools, through\">imigrantom w <\/span><span title=\"social integration programs for young immigrants, by providing work opportunities for disabled persons or people in need of support. \">integracji spo\u0142ecznej <\/span><\/span><\/li>\n<li><span id=\"result_box\" class=\"\" lang=\"pl\"><span title=\"social integration programs for young immigrants, by providing work opportunities for disabled persons or people in need of support. \">osobom niepe\u0142nosprawnym lub potrzebuj\u0105cym wsparcia w pracy zawodowej.&nbsp;&nbsp;&nbsp;&nbsp;&nbsp;&nbsp;&nbsp;&nbsp;&nbsp;&nbsp;&nbsp;&nbsp;&nbsp;&nbsp;&nbsp;&nbsp;&nbsp;&nbsp;&nbsp;&nbsp;&nbsp;&nbsp;&nbsp;&nbsp;&nbsp;&nbsp;&nbsp;&nbsp;&nbsp;&nbsp;&nbsp;&nbsp;&nbsp;&nbsp;&nbsp;&nbsp;&nbsp;&nbsp;&nbsp;&nbsp;&nbsp;&nbsp;&nbsp;&nbsp;&nbsp;&nbsp;&nbsp;&nbsp;&nbsp;&nbsp;&nbsp;&nbsp;&nbsp;&nbsp;&nbsp;&nbsp;&nbsp;&nbsp;&nbsp;&nbsp;&nbsp;&nbsp;&nbsp;&nbsp;&nbsp;&nbsp;&nbsp;&nbsp;&nbsp;&nbsp;&nbsp;&nbsp;&nbsp;&nbsp;&nbsp;&nbsp;&nbsp;&nbsp;&nbsp;&nbsp;&nbsp;&nbsp;&nbsp;&nbsp;&nbsp;&nbsp;&nbsp;&nbsp;&nbsp;&nbsp;&nbsp;&nbsp;&nbsp;&nbsp;&nbsp;&nbsp;&nbsp;&nbsp;&nbsp;&nbsp;&nbsp;&nbsp;&nbsp;&nbsp;&nbsp;&nbsp;&nbsp;&nbsp;&nbsp;&nbsp;&nbsp;&nbsp;&nbsp;&nbsp;&nbsp;&nbsp;&nbsp;&nbsp;&nbsp;&nbsp;&nbsp;&nbsp;&nbsp;&nbsp;&nbsp;&nbsp;&nbsp;&nbsp;&nbsp;&nbsp;&nbsp;&nbsp;&nbsp;&nbsp;&nbsp;&nbsp;&nbsp;&nbsp;&nbsp;&nbsp;&nbsp;&nbsp;&nbsp;&nbsp;&nbsp;&nbsp;&nbsp;&nbsp;&nbsp;&nbsp;&nbsp;&nbsp;&nbsp;&nbsp;&nbsp;&nbsp;&nbsp;&nbsp;&nbsp;&nbsp;&nbsp;&nbsp;&nbsp;&nbsp;&nbsp;&nbsp;&nbsp;&nbsp;&nbsp;&nbsp;&nbsp;&nbsp;&nbsp;&nbsp;&nbsp;&nbsp;&nbsp;&nbsp;&nbsp;&nbsp;&nbsp;&nbsp;&nbsp;&nbsp;&nbsp;&nbsp;&nbsp;&nbsp;&nbsp;&nbsp;&nbsp;&nbsp;&nbsp;&nbsp;&nbsp;&nbsp;&nbsp;&nbsp;&nbsp;&nbsp;&nbsp;&nbsp;&nbsp;&nbsp;&nbsp;&nbsp;&nbsp;&nbsp;&nbsp;&nbsp;&nbsp;&nbsp;&nbsp;&nbsp;&nbsp;&nbsp;&nbsp;&nbsp;&nbsp;&nbsp;&nbsp;&nbsp;&nbsp;&nbsp;&nbsp;&nbsp;&nbsp;&nbsp;&nbsp;&nbsp;&nbsp;&nbsp;&nbsp;&nbsp;&nbsp;&nbsp;&nbsp;&nbsp;&nbsp;&nbsp;&nbsp;&nbsp;&nbsp;&nbsp;&nbsp;&nbsp;&nbsp;&nbsp;&nbsp;&nbsp;&nbsp;&nbsp;&nbsp;&nbsp;&nbsp;&nbsp;&nbsp;&nbsp;&nbsp;&nbsp;&nbsp;&nbsp;&nbsp;&nbsp;&nbsp;&nbsp;&nbsp;&nbsp;&nbsp;&nbsp;&nbsp;&nbsp;&nbsp;&nbsp;&nbsp;&nbsp;&nbsp;&nbsp;&nbsp;&nbsp;&nbsp;&nbsp;&nbsp;&nbsp;&nbsp;&nbsp;&nbsp;&nbsp;&nbsp;&nbsp;&nbsp;&nbsp;&nbsp;&nbsp;&nbsp;&nbsp;&nbsp;&nbsp;&nbsp;&nbsp;&nbsp;&nbsp;&nbsp;&nbsp;&nbsp;&nbsp;&nbsp;&nbsp;&nbsp;&nbsp;&nbsp;&nbsp;&nbsp;&nbsp;&nbsp;&nbsp;&nbsp;&nbsp;&nbsp;&nbsp;&nbsp;&nbsp;&nbsp;&nbsp;&nbsp;&nbsp;&nbsp;&nbsp;&nbsp;&nbsp;&nbsp;&nbsp;&nbsp;&nbsp;&nbsp;&nbsp;&nbsp;&nbsp;&nbsp;&nbsp;&nbsp;&nbsp;&nbsp;&nbsp;&nbsp;&nbsp;&nbsp;&nbsp;&nbsp;&nbsp;&nbsp;&nbsp;&nbsp;&nbsp;&nbsp;&nbsp;&nbsp;&nbsp;&nbsp;&nbsp;&nbsp;&nbsp;&nbsp;&nbsp;&nbsp;&nbsp;&nbsp;&nbsp;&nbsp;&nbsp;&nbsp;&nbsp;&nbsp;&nbsp;&nbsp;&nbsp;&nbsp;&nbsp;&nbsp;&nbsp;&nbsp;&nbsp;&nbsp;&nbsp;&nbsp;&nbsp;&nbsp;&nbsp;&nbsp;&nbsp;&nbsp;&nbsp;&nbsp;&nbsp;&nbsp;&nbsp;&nbsp;&nbsp;&nbsp;&nbsp;&nbsp;&nbsp;&nbsp;&nbsp;&nbsp;&nbsp;&nbsp;&nbsp;&nbsp;&nbsp;&nbsp;&nbsp;&nbsp;&nbsp;&nbsp;&nbsp;&nbsp;&nbsp;&nbsp;&nbsp;&nbsp;&nbsp;&nbsp;&nbsp;&nbsp;&nbsp;&nbsp;&nbsp;&nbsp;&nbsp;&nbsp;&nbsp;&nbsp;&nbsp;&nbsp;&nbsp;&nbsp;&nbsp;&nbsp;&nbsp;&nbsp;&nbsp;&nbsp;&nbsp;&nbsp;&nbsp;&nbsp;&nbsp;<\/span><\/span><\/li>\n<\/ul>\n<p><span id=\"result_box\" class=\"\" lang=\"pl\"> <\/span><span id=\"result_box\" class=\"\" lang=\"pl\"><span title=\"International understanding and worldwide collaboration are the basis for humans to live together peacefully in today\u00b4s global world.\">Mi\u0119dzynarodowe zrozumienie i wsp\u00f3\u0142praca na ca\u0142ym \u015bwiecie s\u0105 podstaw\u0105 \u017cycia w globalnym \u015bwiecie. <\/span><span title=\"The CJD\u00b4s aim is to increase young people\u00b4s experience of other cultures and their acceptance, for example by setting up international youth exchange programs, organizing internships abroad and school exchanges. \">Celem CJD jest zwi\u0119kszenie do\u015bwiadczenia m\u0142odych ludzi z innych kultur i ich akceptacja, na przyk\u0142ad poprzez ustanowienie mi\u0119dzynarodowych program\u00f3w wymiany m\u0142odzie\u017cy, organizowanie sta\u017cy za granic\u0105 i wymiany w szko\u0142ach.<\/span><\/span><\/p>\n<p><span title=\"The quality of work in CJD results from decades of experience and partly from an extensive, comprehensive quality management: processes and procedures within the CJD are recorded and are continually monitored and optimized. \">Jako\u015b\u0107 pracy w CJD wynika z wieloletnich do\u015bwiadcze\u0144, a cz\u0119\u015bciowo z rozleg\u0142ego, kompleksowego zarz\u0105dzania jako\u015bci\u0105: procesy i procedury w ramach CJD s\u0105 rejestrowane,&nbsp; stale monitorowane i zoptymalizowane.<br \/>\n<\/span><span title=\"The CJD Maximiliansau \"><br \/>\n<\/span><span id=\"result_box\" class=\"\" lang=\"pl\"><span title=\"With our comprehensive range of vocational training and integration as well as youth and family welfare, we open new perspectives to many people through individual counseling and support.\">Dzi\u0119ki szerokiemu zakresowi kszta\u0142cenia i integracji zawodowej, jak r\u00f3wnie\u017c dobrobytu m\u0142odzie\u017cy otwieramy nowe perspektywy wielu osobom poprzez indywidualne doradztwo i wsparcie. <\/span><span title=\"We have a technical school for rescue service and a technical school for occupational therapy.\">Posiadamy techniczn\u0105 szko\u0142\u0119 ratownicz\u0105 i szko\u0142\u0119 techniczn\u0105 terapii zaj\u0119ciowej. <\/span><span title=\"We maintain a personnel service that allows businesses to respond flexibly and quickly to changing order situations. \">Prowadzimy serwis personalny, kt\u00f3ry pozwala przedsi\u0119biorstwom elastycznie i szybko reagowa\u0107 na zmieniaj\u0105c\u0105 si\u0119 sytuacj\u0119 na rynku pracy.<\/span><\/span><\/p>\n<p><span title=\"The Participation in research projects and international cooperation ensure that our everyday work is embedded in a continuous and qualitatively high grade innovation process. \">Udzia\u0142 w projektach badawczych i ci\u0105g\u0142a wsp\u00f3\u0142praca mi\u0119dzynarodowa przyczynia si\u0119 do innowacyjno\u015bci&nbsp; naszych dzia\u0142a\u0144 i proces\u00f3w. <\/span><\/p>\n<p>Wi\u0119cej informacji mo\u017cna znale\u017a\u0107 na naszej stronie: <a href=\"http:\/\/www.cjd.de\">www.cjd.de<\/a>.<\/p>\n<p><strong>Osoby do kontaktu:<\/strong><\/p>\n<p><span class=\"_pe_g1 _pe_q1 ms-font-size-xxl ms-fwt-r ms-font-color-neutralPrimary _pe_01 bidi allowTextSelection\" tabindex=\"0\" title=\"Karin Naegle\">Karin Naegle<\/span>: <a class=\"o365button\"><span class=\"ms-font-s ms-font-color-themePrimary\" title=\"karin.naegle@cjd.de\">karin.naegle@cjd.de<\/span><\/a><\/p>\n<p><span class=\"_pe_g1 _pe_q1 ms-font-size-xxl ms-fwt-r ms-font-color-neutralPrimary _pe_01 bidi allowTextSelection\" tabindex=\"0\" title=\"Joerg Schaefer\">Joerg Schaefer<\/span>: <a class=\"o365button\"><span class=\"ms-font-s ms-font-color-themePrimary\" title=\"Joerg.Schaefer@cjd.de\">Joerg.Schaefer@cjd.de<\/span><\/a><\/p>\n<p>&nbsp;<\/p>\n","protected":false},"excerpt":{"rendered":"<p>CJD \u2013 Tworzenie przestrzeni do uczestnictwa w \u017cyciu i spo\u0142ecze\u0144stwie CJD czyli&nbsp; &#8220;Christliches Jugenddorfwerk Deutschlands&#8221; jest&nbsp; Chrze\u015bcija\u0144skim Stowarzyszeniem Miast M\u0142odych, powsta\u0142ym w 1947 roku. Nasze dzia\u0142ania opiera\u0142y si\u0119 na ha\u015ble: &#8220;Niech nikt nie spada na pobocze!&#8221;, co dzi\u015b oznacza, \u017ce ka\u017cdy ma prawo uczestniczy\u0107 w \u017cyciu i w spo\u0142ecze\u0144stwie. CJD pozwala wi\u0119c ludziom na udane<\/p>\n","protected":false},"author":1,"featured_media":0,"parent":0,"menu_order":0,"comment_status":"closed","ping_status":"closed","template":"","meta":{"_bbp_topic_count":0,"_bbp_reply_count":0,"_bbp_total_topic_count":0,"_bbp_total_reply_count":0,"_bbp_voice_count":0,"_bbp_anonymous_reply_count":0,"_bbp_topic_count_hidden":0,"_bbp_reply_count_hidden":0,"_bbp_forum_subforum_count":0,"ngg_post_thumbnail":0,"footnotes":""},"class_list":["post-234","page","type-page","status-publish","hentry"],"_links":{"self":[{"href":"https:\/\/ilab3.aps.edu.pl\/index.php?rest_route=\/wp\/v2\/pages\/234","targetHints":{"allow":["GET"]}}],"collection":[{"href":"https:\/\/ilab3.aps.edu.pl\/index.php?rest_route=\/wp\/v2\/pages"}],"about":[{"href":"https:\/\/ilab3.aps.edu.pl\/index.php?rest_route=\/wp\/v2\/types\/page"}],"author":[{"embeddable":true,"href":"https:\/\/ilab3.aps.edu.pl\/index.php?rest_route=\/wp\/v2\/users\/1"}],"replies":[{"embeddable":true,"href":"https:\/\/ilab3.aps.edu.pl\/index.php?rest_route=%2Fwp%2Fv2%2Fcomments&post=234"}],"version-history":[{"count":7,"href":"https:\/\/ilab3.aps.edu.pl\/index.php?rest_route=\/wp\/v2\/pages\/234\/revisions"}],"predecessor-version":[{"id":2510,"href":"https:\/\/ilab3.aps.edu.pl\/index.php?rest_route=\/wp\/v2\/pages\/234\/revisions\/2510"}],"wp:attachment":[{"href":"https:\/\/ilab3.aps.edu.pl\/index.php?rest_route=%2Fwp%2Fv2%2Fmedia&parent=234"}],"curies":[{"name":"wp","href":"https:\/\/api.w.org\/{rel}","templated":true}]}}