{"id":223,"date":"2015-02-23T20:57:24","date_gmt":"2015-02-23T20:57:24","guid":{"rendered":"http:\/\/ilab3.aps.edu.pl\/?page_id=223"},"modified":"2017-05-28T17:23:52","modified_gmt":"2017-05-28T17:23:52","slug":"akademia-pedagogiki-specjalnej","status":"publish","type":"page","link":"https:\/\/ilab3.aps.edu.pl\/?page_id=223","title":{"rendered":"Akademia Pedagogiki Specjalnej"},"content":{"rendered":"<h2><a href=\"http:\/\/ilab3.aps.edu.pl\/wp-content\/uploads\/2015\/02\/logo_aps.png\"><img loading=\"lazy\" decoding=\"async\" class=\" size-full wp-image-224 alignleft\" src=\"http:\/\/ilab3.aps.edu.pl\/wp-content\/uploads\/2015\/02\/logo_aps.png\" alt=\"logo_aps\" height=\"139\" width=\"150\"><\/a>Akademia Pedagogiki Specjalnej im. Marii Grzegorzewskiej w Warszawie<\/h2>\n<p>Akademia Pedagogiki Specjalnej im. Marii Grzegorzewskiej (APS) szczyci si\u0119 ponad 95-letni\u0105 tradycj\u0105 uczenia. Jest kontynuatork\u0105 utworzonego w 1922 roku Pa\u0144stwowego Instytutu Pedagogiki Specjalnej (PIPS).<\/p>\n<p>Uczelnia zatrudnia wysoko wykwali\ufb01kowan\u0105 kadr\u0119 naukow\u0105 i dydaktyczn\u0105, oferuj\u0105c interesuj\u0105ce programy nauczania, doskona\u0142e warunki studiowania czy dost\u0119p do wysokiej jako\u015bci sprz\u0119tu IT. Zapewnia kszta\u0142cenie na specjalno\u015bciach poszukiwanych obecnie na rynku pracy.<\/p>\n<p>Aktualnie na studiach stacjonarnych i niestacjonarnych kszta\u0142ci si\u0119 u nas ponad 7 tysi\u0119cy student\u00f3w. Wydzia\u0142 Nauk Pedagogicznych oraz Wydzia\u0142 Stosowanych Nauk Spo\u0142ecznych APS oferuje sze\u015b\u0107 kierunk\u00f3w studi\u00f3w: psychologia, socjologia, pedagogika, pedagogika specjalna, praca socjalna i edukacja artystyczna. Ponadto, Akademia posiada w swojej ofercie szeroki wachlarz studi\u00f3w podyplomowych, kt\u00f3re pozwalaj\u0105 na uzupe\u0142nienie kwali\ufb01kacji mi\u0119dzy innymi w dziedzinie pedagogiki i pedagogiki specjalnej.<\/p>\n<p>Wi\u0119cej informacji na temat uczelni mo\u017cna znale\u017a\u0107 na stronie: <a href=\"http:\/\/www.aps.edu.pl\">www.aps.edu.pl<\/a>.<\/p>\n<p><strong>Osoby do kontaktu:<\/strong><\/p>\n<p>Mariusz Fila: <a class=\"gwt-Anchor\">filamar@aps.edu.pl<\/a><\/p>\n<p>Adamina Korwin-Szymanowska: adamina_k@wp.pl<\/p>\n","protected":false},"excerpt":{"rendered":"<p>Akademia Pedagogiki Specjalnej im. Marii Grzegorzewskiej w Warszawie Akademia Pedagogiki Specjalnej im. Marii Grzegorzewskiej (APS) szczyci si\u0119 ponad 95-letni\u0105 tradycj\u0105 uczenia. Jest kontynuatork\u0105 utworzonego w 1922 roku Pa\u0144stwowego Instytutu Pedagogiki Specjalnej (PIPS). Uczelnia zatrudnia wysoko wykwali\ufb01kowan\u0105 kadr\u0119 naukow\u0105 i dydaktyczn\u0105, oferuj\u0105c interesuj\u0105ce programy nauczania, doskona\u0142e warunki studiowania czy dost\u0119p do wysokiej jako\u015bci sprz\u0119tu IT. Zapewnia<\/p>\n","protected":false},"author":1,"featured_media":0,"parent":43,"menu_order":0,"comment_status":"closed","ping_status":"closed","template":"page-template-full.php","meta":{"_bbp_topic_count":0,"_bbp_reply_count":0,"_bbp_total_topic_count":0,"_bbp_total_reply_count":0,"_bbp_voice_count":0,"_bbp_anonymous_reply_count":0,"_bbp_topic_count_hidden":0,"_bbp_reply_count_hidden":0,"_bbp_forum_subforum_count":0,"ngg_post_thumbnail":0,"footnotes":""},"class_list":["post-223","page","type-page","status-publish","hentry"],"_links":{"self":[{"href":"https:\/\/ilab3.aps.edu.pl\/index.php?rest_route=\/wp\/v2\/pages\/223","targetHints":{"allow":["GET"]}}],"collection":[{"href":"https:\/\/ilab3.aps.edu.pl\/index.php?rest_route=\/wp\/v2\/pages"}],"about":[{"href":"https:\/\/ilab3.aps.edu.pl\/index.php?rest_route=\/wp\/v2\/types\/page"}],"author":[{"embeddable":true,"href":"https:\/\/ilab3.aps.edu.pl\/index.php?rest_route=\/wp\/v2\/users\/1"}],"replies":[{"embeddable":true,"href":"https:\/\/ilab3.aps.edu.pl\/index.php?rest_route=%2Fwp%2Fv2%2Fcomments&post=223"}],"version-history":[{"count":8,"href":"https:\/\/ilab3.aps.edu.pl\/index.php?rest_route=\/wp\/v2\/pages\/223\/revisions"}],"predecessor-version":[{"id":2507,"href":"https:\/\/ilab3.aps.edu.pl\/index.php?rest_route=\/wp\/v2\/pages\/223\/revisions\/2507"}],"up":[{"embeddable":true,"href":"https:\/\/ilab3.aps.edu.pl\/index.php?rest_route=\/wp\/v2\/pages\/43"}],"wp:attachment":[{"href":"https:\/\/ilab3.aps.edu.pl\/index.php?rest_route=%2Fwp%2Fv2%2Fmedia&parent=223"}],"curies":[{"name":"wp","href":"https:\/\/api.w.org\/{rel}","templated":true}]}}