{"id":2167,"date":"2017-05-07T11:55:45","date_gmt":"2017-05-07T11:55:45","guid":{"rendered":"http:\/\/ilab3.aps.edu.pl\/?page_id=2167"},"modified":"2017-06-09T10:28:18","modified_gmt":"2017-06-09T10:28:18","slug":"rooms-choice-and-adjustment-required-infrastructure-cz","status":"publish","type":"page","link":"https:\/\/ilab3.aps.edu.pl\/?page_id=2167","title":{"rendered":"M\u00edstnosti \u2013 v\u00fdb\u011br, p\u0159izp\u016fsoben\u00ed, nezbytn\u00e9 vybaven\u00ed"},"content":{"rendered":"<h1>M\u00edstnosti &#8211; v\u00fdb\u011br a p\u0159izp\u016fsoben\u00ed. Nezbytn\u00e1 infrastruktura.<\/h1>\n<p>P\u0159i v\u00fdb\u011bru um\u00edst\u011bn\u00ed i-Lab by m\u011bly b\u00fdt br\u00e1ny v \u00favahu n\u011bkter\u00e9 faktory. M\u00edsto u\u017eit\u00e9 pro i-Lab setk\u00e1n\u00ed by m\u011blo skloubit dva prostory: prvn\u00ed je <strong>v\u011bnov\u00e1no pr\u00e1ci, tr\u00e9ninku a spolupr\u00e1ci. Druh\u00e9 je ur\u010deno relaxaci<\/strong>. Pracovn\u00ed prostor by m\u011bl b\u00fdt vybaven za\u0159\u00edzen\u00edmi podporuj\u00edc\u00edmi pracovn\u00ed proces, v\u010detn\u011b po\u010d\u00edta\u010d\u016f, n\u00e1bytku (lavice\/stoly a \u017eidle, tabule, pera a tu\u017eky). Relaxa\u010dn\u00ed z\u00f3na by m\u011bla b\u00fdt vybavena pohodln\u00fdm n\u00e1bytkem, jako jsou pohovky a k\u0159esla. Design, sv\u011btlo a zvuk jsou d\u016fle\u017eit\u00fdmi aspekty i-Lab, kter\u00fd by m\u011bl tak\u00e9 umo\u017e\u0148ovat nab\u00eddku n\u00e1poje a ob\u010derstven\u00ed. Cel\u00fd prostor by m\u011bl b\u00fdt snadno p\u0159\u00edstupn\u00fd a jednoduch\u00fd pro pohyb v n\u011bm. M\u011bl by poskytovat pocit soukrom\u00ed, stejn\u011b jako p\u0159\u00edle\u017eitost pro t\u00fdmovou pr\u00e1ci. \u00da\u010dastn\u00edci by se m\u011bli c\u00edtit svobodn\u011b a bezpe\u010dn\u011b v \u00fatuln\u00e9m a povzbudiv\u00e9m prost\u0159ed\u00ed.<\/p>\n<h3 align=\"justify\"><span lang=\"en-AU\">Vstup<\/span><\/h3>\n<p>Kl\u00ed\u010dov\u00fdm prvkem designu i-Lab jsou dve\u0159e, kter\u00e9 symbolizuj\u00ed vstup do \u201enov\u00e9 tv\u016fr\u010d\u00ed reality&#8221;. Um\u00edst\u011bn\u00ed m\u00edstnost\u00ed by m\u011blo umo\u017enit takov\u00e9 uspo\u0159\u00e1d\u00e1n\u00ed.<\/p>\n<h3 align=\"justify\"><span lang=\"en-AU\">Velikost skupiny \/ po\u010det \u00fa\u010dastn\u00edk\u016f<\/span><\/h3>\n<p>Ve skupin\u011b i-Lab by m\u011blo b\u00fdt 8 a\u017e 20 osob. P\u0159i hled\u00e1n\u00ed m\u00edstnosti, kter\u00e1 bude napl\u0148ovat po\u017eadavky i-Lab, bychom m\u011bli naj\u00edt m\u00edsto, kter\u00e9 by n\u00e1m poskytlo prostor pro takovou skupinu.<\/p>\n<h3 align=\"justify\"><span lang=\"en-AU\">Um\u00edst\u011bn\u00ed budovy<\/span><\/h3>\n<p>Um\u00edst\u011bn\u00ed by m\u011blo zaru\u010dit snadn\u00fd p\u0159\u00edstup k toalet\u00e1m. Vzhledem k tomu, \u017ee setk\u00e1n\u00ed m\u016f\u017ee trvat n\u011bkolik hodin, \u00fa\u010dastn\u00edk by m\u011bl m\u00edt mo\u017enost je pou\u017e\u00edvat bez v\u011bt\u0161\u00edho p\u0159eru\u0161ov\u00e1n\u00ed setk\u00e1n\u00ed.<\/p>\n<p>Tich\u00e9 prost\u0159ed\u00ed by m\u011blo nab\u00eddnout dobrou atmosf\u00e9ru pro pr\u00e1ci. Vybr\u00e1n\u00edm klidn\u00e9ho m\u00edsta se vyhneme v\u00fddaj\u016fm za zvukot\u011bsn\u00e9 materi\u00e1ly.<\/p>\n<p>Um\u00edst\u011bn\u00ed by m\u011blo b\u00fdt snadno p\u0159\u00edstupn\u00e9 pro osoby se zdravotn\u00edm posti\u017een\u00edm.<\/p>\n<h3 align=\"justify\"><span lang=\"en-AU\">Reorganizace prostoru<\/span><\/h3>\n<p>M\u00edstnosti by m\u011bly b\u00fdt uspo\u0159\u00e1d\u00e1ny tak, a\u0165 mohou b\u00fdt rozd\u011bleny na men\u0161\u00ed prostory. N\u00e1bytek by m\u011bl b\u00fdt snadno p\u0159est\u011bhovateln\u00fd dle povahy c\u00edlov\u00e9 skupiny, pracovn\u00ed techniky a pl\u00e1novan\u00fdch c\u00edl\u016f setk\u00e1n\u00ed. Dobr\u00fdm \u0159e\u0161en\u00edm m\u016f\u017ee b\u00fdt pou\u017eit\u00ed lehk\u00fdch posuvn\u00fdch dve\u0159\u00ed a pohybliv\u00fdch kus\u016f n\u00e1bytku.<\/p>\n<h2 align=\"justify\"><span lang=\"en-AU\">Design<\/span><\/h2>\n<p>Design m\u00edstnosti by m\u011bl poskytnout mimo\u0159\u00e1dnou a p\u0159\u00edjemnou atmosf\u00e9ru. P\u0159i navrhov\u00e1n\u00ed byste se m\u011bli vyhnout sch\u00e9mat\u016fm podobn\u00fdm standardn\u00ed t\u0159\u00edd\u011b nebo kancel\u00e1\u0159i. Cel\u00fd design by se m\u011bl li\u0161it od b\u011b\u017en\u011b zn\u00e1m\u00fdch uspo\u0159\u00e1d\u00e1n\u00ed. Pou\u017eit\u00ed barev a stimuluj\u00edc\u00edho p\u0159\u00edslu\u0161enstv\u00ed je dobr\u00fdm \u0159e\u0161en\u00edm. Cel\u00fd n\u00e1vrh by m\u011bl b\u00fdt harmonizov\u00e1n, snadno srozumiteln\u00fd a konzistentn\u00ed. M\u011bl by p\u0159edstavovat p\u0159\u00edb\u011bh nebo situaci.<\/p>\n<p align=\"justify\"><span lang=\"en-AU\"><b>P\u0159\u00edklady:<\/b><\/span><span lang=\"en-AU\"> N\u00e1mo\u0159nick\u00e9 prost\u0159ed\u00ed, Les, Alenka v \u0159\u00ed\u0161i div\u016f, P\u0159\u00edb\u011bh hra\u010dek, Tov\u00e1rna, Letadlo, Vesnice, Venkov, Kosmick\u00e1 lo\u010f<\/span><\/p>\n<h3 align=\"justify\"><span lang=\"en-AU\">Pot\u0159ebn\u00e9 vybaven\u00ed<\/span><\/h3>\n<ul>\n<li style=\"list-style-type: none;\">\n<ul>\n<li>\n<h4 align=\"justify\"><span lang=\"en-AU\">N\u00e1bytek<\/span><\/h4>\n<\/li>\n<\/ul>\n<\/li>\n<\/ul>\n<p>\u017didle a stoly by m\u011bly b\u00fdt pohybliv\u00e9, a\u0165 mohou b\u00fdt p\u0159esunov\u00e1ny dle pot\u0159eby. Nap\u0159. <strong>Konferen\u010dn\u00ed styl nebo Banket styl.<\/strong><strong>\u00a0 <\/strong><\/p>\n<p>M\u011bla by b\u00fdt tak\u00e9 mo\u017enost nastavit obrazovky po\u010d\u00edta\u010de tak, aby byla zaji\u0161t\u011bna ochrana soukrom\u00ed.<\/p>\n<ul>\n<ul>\n<li>\n<h4 align=\"justify\"><span lang=\"en-AU\">Technologie<\/span><\/h4>\n<\/li>\n<\/ul>\n<\/ul>\n<p>Po\u010d\u00edta\u010de uspo\u0159\u00e1dan\u00e9 v s\u00edti se softwarem VBS jsou rozhoduj\u00edc\u00edm prvkem i-Lab. P\u0159\u00edstup k po\u010d\u00edta\u010d\u016fm by m\u011bl b\u00fdt snadn\u00fd i pro osoby s t\u011blesn\u00fdm posti\u017een\u00edm. Um\u00edst\u011bn\u00ed pracovn\u00edch stanic by m\u011blo poskytnout pohodl\u00ed pro pr\u00e1ci. Vzhledem k tomu, \u017ee software VBS je zalo\u017een na vzd\u00e1len\u00e9m serveru, je nutn\u00fd p\u0159\u00edstup k internetu. Rychlost internetu by nem\u011bla b\u00fdt ni\u017e\u0161\u00ed ne\u017e 2 Mb \/ s.<\/p>\n<p>My\u0161lenka uspo\u0159\u00e1d\u00e1n\u00ed i-Lab je zalo\u017eena na &#8220;my\u0161lence zm\u011bny&#8221; jako na kl\u00ed\u010di ke tvo\u0159ivosti. To je d\u016fvod, pro\u010d pou\u017e\u00edv\u00e1n\u00ed p\u0159enosn\u00fdch notebook\u016f pom\u00e1h\u00e1 p\u0159i p\u0159emis\u0165ov\u00e1n\u00ed. Ze stejn\u00fdch d\u016fvod\u016f je dobrou strategi\u00ed vyu\u017e\u00edv\u00e1n\u00ed WIFI m\u00edsto kabelov\u00e9 s\u00edt\u011b.<\/p>\n<p>Mimo klasick\u00fdch po\u010d\u00edta\u010dov\u00fdch obrazovek by se m\u011bl pou\u017e\u00edvat rovn\u011b\u017e velk\u00fd LCD projektor nebo monitor umo\u017e\u0148uj\u00edc\u00ed prom\u00edtat video materi\u00e1ly cel\u00e9 skupin\u011b \u00fa\u010dastn\u00edk\u016f.<\/p>\n<p>Na m\u00edst\u011b by m\u011bla b\u00fdt rovn\u011b\u017e s\u00ed\u0165ov\u00e1 tisk\u00e1rna dostupn\u00e1 pro ka\u017edu pracovn\u00ed stanici. N\u011bkter\u00e1 dal\u0161\u00ed za\u0159\u00edzen\u00ed, jako jsou skenery \u010di fotokop\u00edrky, mohou setk\u00e1n\u00ed i-Lab usnadnit a zefektivnit.<\/p>\n<ul>\n<ul>\n<li>\n<h4 align=\"justify\"><span lang=\"en-AU\">Zvuk<\/span><\/h4>\n<\/li>\n<\/ul>\n<\/ul>\n<p>Hudba nebo hlasy p\u0159\u00edrody jsou z\u00e1sadn\u00edm prvkem strategie i-Lab. Mohou b\u00fdt pou\u017eity jako inspirace b\u011bhem pr\u00e1ce nebo pro &#8220;chillout&#8221; v relaxa\u010dn\u00ed z\u00f3n\u011b. Za\u0159\u00edzen\u00ed i-Lab by m\u011blo umo\u017enit hudbu nejen pou\u0161t\u011bt, ale i nahr\u00e1vat.<\/p>\n<ul>\n<ul>\n<li>\n<h4 align=\"justify\"><span lang=\"en-AU\">Sv\u011btlo<\/span><\/h4>\n<\/li>\n<\/ul>\n<\/ul>\n<p>Denn\u00ed sv\u011btlo je v\u017edy dobr\u00e9 pro du\u0161evn\u00ed zdrav\u00ed. V inova\u010dn\u00ed laborato\u0159i by v\u0161ak m\u011bla b\u00fdt mo\u017enost pou\u017e\u00edvat v\u00edce ne\u017e jeden druh sv\u011btla. Na jedn\u00e9 stran\u011b by sv\u011btlo m\u011blo b\u00fdt dostate\u010dn\u011b siln\u00e9, aby poskytovalo pohodlnou pr\u00e1ci, na druhou stranu by m\u011bla laborato\u0159 nab\u00edzet i stupe\u0148 osv\u011btlen\u00ed pro relaxaci. Dobrou my\u0161lenkou je mo\u017enost ztlumen\u00ed sv\u011btla v p\u0159\u00edpad\u011b projekce obr\u00e1zk\u016f\/filmu nebo mo\u017enost synchronizace hudby se sv\u011btlem.<\/p>\n<ul>\n<li>\n<h4 align=\"justify\"><span lang=\"en-AU\">P\u0159edm\u011bty a dal\u0161\u00ed vybaven\u00ed<\/span><\/h4>\n<\/li>\n<\/ul>\n<p>R\u016fzn\u00e9 druhy p\u0159edm\u011bt\u016f, kter\u00e9 spou\u0161t\u011bj\u00ed tvo\u0159ivost, mohou u\u010dinit setk\u00e1n\u00ed i-Lab v\u00edce\u00a0 dynamick\u00e9 a efektivn\u00ed. Vybaven\u00ed laborato\u0159e cenov\u011b dostupn\u00fdmi pom\u016fckami m\u016f\u017ee roz\u0161\u00ed\u0159it p\u0159edstavivost u\u017eivatel\u016f a u\u010dinit cel\u00fd proces efektivn\u011bj\u0161\u00ed. Zde jsou n\u011bkter\u00e9 p\u0159\u00edklady p\u0159edm\u011bt\u016f, kter\u00e9 pou\u017e\u00edv\u00e1me v na\u0161em i-Lab:<\/p>\nngg_shortcode_0_placeholder\n<p align=\"justify\"><span style=\"color: #ff0000;\"><span lang=\"en-AU\">\u00a0<\/span><\/span><\/p>\n<ul>\n<li>\n<h4 align=\"justify\"><span lang=\"en-AU\">Catering<\/span><\/h4>\n<p align=\"justify\"><span lang=\"en-AU\">P\u0159i pl\u00e1nov\u00e1n\u00ed setk\u00e1n\u00ed bychom nem\u011bli zapom\u00ednat na ob\u010derstven\u00ed. Po n\u011bkolika hodin\u00e1ch setk\u00e1n\u00ed bychom m\u011bli \u00fa\u010dastn\u00edk\u016fm nab\u00eddnout mo\u017enost ob\u011bda. Catering se m\u016f\u017ee odehr\u00e1t v relaxa\u010dn\u00ed z\u00f3n\u011b i-Lab nebo v kant\u00fdn\u011b, kter\u00e1 je od i-Lab nedaleko.<br \/>\n<\/span><\/p>\n<\/li>\n<\/ul>\n","protected":false},"excerpt":{"rendered":"<p>M\u00edstnosti &#8211; v\u00fdb\u011br a p\u0159izp\u016fsoben\u00ed. Nezbytn\u00e1 infrastruktura. P\u0159i v\u00fdb\u011bru um\u00edst\u011bn\u00ed i-Lab by m\u011bly b\u00fdt br\u00e1ny v \u00favahu n\u011bkter\u00e9 faktory. M\u00edsto u\u017eit\u00e9 pro i-Lab setk\u00e1n\u00ed by m\u011blo skloubit dva prostory: prvn\u00ed je v\u011bnov\u00e1no pr\u00e1ci, tr\u00e9ninku a spolupr\u00e1ci. Druh\u00e9 je ur\u010deno relaxaci. Pracovn\u00ed prostor by m\u011bl b\u00fdt vybaven za\u0159\u00edzen\u00edmi podporuj\u00edc\u00edmi pracovn\u00ed proces, v\u010detn\u011b po\u010d\u00edta\u010d\u016f, n\u00e1bytku (lavice\/stoly a<\/p>\n","protected":false},"author":1,"featured_media":0,"parent":0,"menu_order":0,"comment_status":"closed","ping_status":"closed","template":"","meta":{"_bbp_topic_count":0,"_bbp_reply_count":0,"_bbp_total_topic_count":0,"_bbp_total_reply_count":0,"_bbp_voice_count":0,"_bbp_anonymous_reply_count":0,"_bbp_topic_count_hidden":0,"_bbp_reply_count_hidden":0,"_bbp_forum_subforum_count":0,"ngg_post_thumbnail":0,"footnotes":""},"class_list":["post-2167","page","type-page","status-publish","hentry"],"_links":{"self":[{"href":"https:\/\/ilab3.aps.edu.pl\/index.php?rest_route=\/wp\/v2\/pages\/2167","targetHints":{"allow":["GET"]}}],"collection":[{"href":"https:\/\/ilab3.aps.edu.pl\/index.php?rest_route=\/wp\/v2\/pages"}],"about":[{"href":"https:\/\/ilab3.aps.edu.pl\/index.php?rest_route=\/wp\/v2\/types\/page"}],"author":[{"embeddable":true,"href":"https:\/\/ilab3.aps.edu.pl\/index.php?rest_route=\/wp\/v2\/users\/1"}],"replies":[{"embeddable":true,"href":"https:\/\/ilab3.aps.edu.pl\/index.php?rest_route=%2Fwp%2Fv2%2Fcomments&post=2167"}],"version-history":[{"count":4,"href":"https:\/\/ilab3.aps.edu.pl\/index.php?rest_route=\/wp\/v2\/pages\/2167\/revisions"}],"predecessor-version":[{"id":2995,"href":"https:\/\/ilab3.aps.edu.pl\/index.php?rest_route=\/wp\/v2\/pages\/2167\/revisions\/2995"}],"wp:attachment":[{"href":"https:\/\/ilab3.aps.edu.pl\/index.php?rest_route=%2Fwp%2Fv2%2Fmedia&parent=2167"}],"curies":[{"name":"wp","href":"https:\/\/api.w.org\/{rel}","templated":true}]}}