{"id":2165,"date":"2017-05-07T11:55:01","date_gmt":"2017-05-07T11:55:01","guid":{"rendered":"http:\/\/ilab3.aps.edu.pl\/?page_id=2165"},"modified":"2017-06-09T10:29:10","modified_gmt":"2017-06-09T10:29:10","slug":"what-makes-the-i-lab-an-effective-method-cz","status":"publish","type":"page","link":"https:\/\/ilab3.aps.edu.pl\/?page_id=2165","title":{"rendered":"Co \u010din\u00ed iLab efektivn\u00ed metodou?"},"content":{"rendered":"<h1 align=\"justify\"><span lang=\"en-AU\"><b>Co \u010din\u00ed\u00a0i-Lab efektivn\u00ed metodou?<\/b><\/span><\/h1>\n<p>\u00da\u010dinnost metody je zalo\u017eena na sou\u010dinnosti n\u011bkolika komponent, kter\u00e9 ovliv\u0148uj\u00ed u\u017eivatele i-Lab:<\/p>\n<p>1 \/ Opatrn\u011b a z\u00e1m\u011brn\u011b uspo\u0159\u00e1dan\u00e9 prost\u0159ed\u00ed.<\/p>\n<p>2 \/ Stimula\u010dn\u011b facilita\u010dn\u00ed \u010dinnost.<\/p>\n<p>3 \/ Dostupn\u00e9, z\u00e1m\u011brn\u011b vybran\u00e9 za\u0159\u00edzen\u00ed.<\/p>\n<p>4 \/ Po\u010d\u00edta\u010de s programem Visual Brainstorm Software (VBS).<\/p>\n<p>N\u011bkte\u0159\u00ed popisuj\u00ed i-Lab jako trojici: Technologie \/ Facilitace\/ Prost\u0159ed\u00ed<\/p>\n<p>Ka\u017ed\u00fd prvek je kl\u00ed\u010dov\u00fd!<\/p>\n<p>U\u017e\u00edv\u00e1n\u00ed i-Lab pro \u0159e\u0161en\u00ed probl\u00e9m\u016f m\u016f\u017ee urychlit proces osobn\u00ed kreativity, co\u017e obvykle p\u0159in\u00e1\u0161\u00ed rychl\u00e9 a ne\u010dekan\u00e9 pozitivn\u00ed v\u00fdsledky. Dva dny v i-Lab se rovnaj\u00ed t\u00fddn\u016fm tradi\u010dn\u00edch sezen\u00ed.<\/p>\n<h2><span lang=\"en-AU\">M\u00edstnosti-jedine\u010dn\u00e9 prost\u0159ed\u00ed<\/span><\/h2>\n<p align=\"justify\">I-Lab kombinuje dv\u011b prost\u0159ed\u00ed: pro pr\u00e1ci a relaxaci. Ob\u011b jsou \u00fazce propojeny, tak\u017ee je snadn\u00fd p\u0159\u00edstup z jednoho do druh\u00e9ho. Jedine\u010dn\u00e9 uspo\u0159\u00e1d\u00e1n\u00ed m\u00edstnosti, dopl\u0148kov\u00e1 role pracovn\u00edho prostoru a relaxa\u010dn\u00ed z\u00f3na jsou pro u\u017eivatele stimuluj\u00edc\u00ed a pohodln\u00e9. Povzbuzuj\u00edc\u00ed barvy a cel\u00fd design vytv\u00e1\u0159\u00ed neobvyklou atmosf\u00e9ru tvo\u0159ivosti. Design pokoje je zalo\u017een na metafor\u00e1ch (les, kosmick\u00e1 lo\u010f, pou\u0161\u0165 aj.), kter\u00e9 v\u0161em \u00fa\u010dastn\u00edk\u016fm poskytuj\u00ed pocit jedine\u010dnosti a stimulace.<\/p>\n<h2><\/h2>\nngg_shortcode_0_placeholder\n<p align=\"justify\"><span style=\"color: #ff0000;\"><span lang=\"en-AU\">\u00a0<\/span><\/span><\/p>\n<h2 align=\"justify\"><span lang=\"en-AU\">Metody a techniky<\/span><\/h2>\n<p>Metody pou\u017e\u00edvan\u00e9 facilit\u00e1torem jsou speci\u00e1ln\u011b vyb\u00edr\u00e1ny pro pou\u017eit\u00ed v i-Lab a jsou p\u0159izp\u016fsobeny pro ka\u017edou jednotlivou skupinu. Existuje \u0161irok\u00e9 spektrum metod pou\u017e\u00edvan\u00fdch facilit\u00e1torem. Mezi nimi jsou dv\u011b z\u00e1kladn\u00ed metody, kter\u00e9 se obvykle pou\u017e\u00edvaj\u00ed b\u011bhem sezen\u00ed: brainstorming spojen\u00fd se softwarem VBS a metody \u201erozb\u00edjen\u00ed ledu&#8221;, tj. \u201eicebreakery\u201c.<\/p>\n<p>\u201eIcebreakery&#8221; se pou\u017e\u00edvaj\u00ed na za\u010d\u00e1tku sezen\u00ed pro rozproud\u011bn\u00ed atmosf\u00e9ry pro \u017e\u00e1douc\u00ed interakce. Existuje \u0161irok\u00e1 \u0161k\u00e1la \u201eicebreaker\u016f&#8221;, proto je snadn\u00e9 zvolit ten spr\u00e1vn\u00fd v z\u00e1vislosti na pot\u0159eb\u00e1ch skupiny.<\/p>\n<p>Druhou z\u00e1kladn\u00ed metodou je brainstorming, kter\u00fd zahrnuje mnoho technik (nap\u0159. \u201ezm\u011bna atributu, bou\u0159en\u00ed rol\u00ed, mapov\u00e1n\u00ed mysli, anal\u00fdza SWOT nebo \u00fanikov\u00e9 my\u0161len\u00ed&#8221;).<\/p>\n<p>Pou\u017eit\u00ed vyhrazen\u00e9ho softwaru podporuj\u00edc\u00edho v\u00fd\u0161e uveden\u00e9 metody je rozhodn\u011b velkou v\u00fdhodou.<\/p>\n<h2 align=\"justify\"><span lang=\"en-AU\">Technologie<\/span><\/h2>\n<p>Technologie \u010din\u00ed setk\u00e1n\u00ed efektivn\u011bj\u0161\u00edm. Software VBS je navr\u017een tak, aby podporoval metody pou\u017e\u00edvan\u00e9 b\u011bhem setk\u00e1n\u00ed. Nab\u00edz\u00ed n\u011bkolik zp\u016fsob\u016f pr\u00e1ce, kter\u00e9 v z\u00e1vislosti na pot\u0159eb\u00e1ch nab\u00edzej\u00ed jak mo\u017enost anonymity, tak dovoluj\u00ed sd\u00edlen\u00ed n\u00e1pad\u016f. Software m\u016f\u017ee b\u00fdt snadno p\u0159izp\u016fsoben pot\u0159eb\u00e1m b\u011bhem ka\u017ed\u00e9ho setk\u00e1n\u00ed. Tato technologie nab\u00edz\u00ed snadn\u00fd p\u0159\u00edstup k softwaru VBS p\u0159es internet bez nutnosti instalace serveru. P\u0159\u00edstup k aplikaci je dostupn\u00fd prost\u0159ednictv\u00edm standardn\u00edho prohl\u00ed\u017ee\u010de. Nen\u00ed po\u017eadov\u00e1na \u017e\u00e1dn\u00e1 jin\u00e1 instalace. Software je snadn\u00fd a intuitivn\u00ed k pou\u017eit\u00ed.<\/p>\n<h2 align=\"justify\"><span lang=\"en-AU\">Role facilit\u00e1tora<\/span><\/h2>\n<p>Role facilit\u00e1tora je kl\u00ed\u010dov\u00fdm prvkem v metod\u011b i-Lab.<\/p>\n<p>Facilit\u00e1tor je zodpov\u011bdn\u00fd za <strong>pl\u00e1nov\u00e1n\u00ed setk\u00e1n\u00ed a jeho pr\u016fb\u011bh.<\/strong><\/p>\n<p>Ob\u011b \u010dinnosti jsou v cel\u00e9m procesu nezbytn\u00e9. P\u0159\u00edpravn\u00e1 \u010d\u00e1st vy\u017eaduje znalosti o subjektu, metod\u011b i-Lab, zdroj\u00edch a charakteristik\u00e1ch c\u00edlov\u00e9 skupiny. Je zde mal\u00fd prostor pro improvizaci, tak\u017ee je nezbytn\u00e1 precizn\u00ed p\u0159\u00edprava. \u010c\u00edm l\u00e9pe je sezen\u00ed p\u0159ipraveno, t\u00edm lep\u0161\u00edch v\u00fdsledk\u016f je dosa\u017eeno.<\/p>\n<p>Vzhledem k tomu, \u017ee atmosf\u00e9ra je rozhoduj\u00edc\u00edm faktorem, kter\u00fd ovliv\u0148uje v\u00fdsledky setk\u00e1n\u00ed, facilit\u00e1tor zodpov\u00edd\u00e1 za tuto \u010d\u00e1st procesu.<\/p>\n<p>Metoda i-Lab se skl\u00e1d\u00e1 ze t\u0159\u00ed prvk\u016f: technologie, facilitace a prost\u0159ed\u00ed. Proto by m\u011bl m\u00edt facilit\u00e1tor anim\u00e1torsk\u00e9 schopnosti a znalosti IT. On je ten, kter\u00fd nese odpov\u011bdnost za moderov\u00e1n\u00ed, spr\u00e1vn\u00e9 fungov\u00e1n\u00ed software a i-Lab jako celku.<\/p>\n<p>Jeho dovednosti by m\u011bly souviset s metodami a vybaven\u00edm i-Lab. V\u00fd\u0161e uveden\u00e9 kompetence mohou b\u00fdt z\u00edsk\u00e1ny b\u011bhem \u0161kolen\u00ed ur\u010den\u00fdch\u00a0 facilit\u00e1tor\u016fm<\/p>\n","protected":false},"excerpt":{"rendered":"<p>Co \u010din\u00ed\u00a0i-Lab efektivn\u00ed metodou? \u00da\u010dinnost metody je zalo\u017eena na sou\u010dinnosti n\u011bkolika komponent, kter\u00e9 ovliv\u0148uj\u00ed u\u017eivatele i-Lab: 1 \/ Opatrn\u011b a z\u00e1m\u011brn\u011b uspo\u0159\u00e1dan\u00e9 prost\u0159ed\u00ed. 2 \/ Stimula\u010dn\u011b facilita\u010dn\u00ed \u010dinnost. 3 \/ Dostupn\u00e9, z\u00e1m\u011brn\u011b vybran\u00e9 za\u0159\u00edzen\u00ed. 4 \/ Po\u010d\u00edta\u010de s programem Visual Brainstorm Software (VBS). N\u011bkte\u0159\u00ed popisuj\u00ed i-Lab jako trojici: Technologie \/ Facilitace\/ Prost\u0159ed\u00ed Ka\u017ed\u00fd prvek je<\/p>\n","protected":false},"author":1,"featured_media":0,"parent":0,"menu_order":0,"comment_status":"closed","ping_status":"closed","template":"","meta":{"_bbp_topic_count":0,"_bbp_reply_count":0,"_bbp_total_topic_count":0,"_bbp_total_reply_count":0,"_bbp_voice_count":0,"_bbp_anonymous_reply_count":0,"_bbp_topic_count_hidden":0,"_bbp_reply_count_hidden":0,"_bbp_forum_subforum_count":0,"ngg_post_thumbnail":0,"footnotes":""},"class_list":["post-2165","page","type-page","status-publish","hentry"],"_links":{"self":[{"href":"https:\/\/ilab3.aps.edu.pl\/index.php?rest_route=\/wp\/v2\/pages\/2165","targetHints":{"allow":["GET"]}}],"collection":[{"href":"https:\/\/ilab3.aps.edu.pl\/index.php?rest_route=\/wp\/v2\/pages"}],"about":[{"href":"https:\/\/ilab3.aps.edu.pl\/index.php?rest_route=\/wp\/v2\/types\/page"}],"author":[{"embeddable":true,"href":"https:\/\/ilab3.aps.edu.pl\/index.php?rest_route=\/wp\/v2\/users\/1"}],"replies":[{"embeddable":true,"href":"https:\/\/ilab3.aps.edu.pl\/index.php?rest_route=%2Fwp%2Fv2%2Fcomments&post=2165"}],"version-history":[{"count":5,"href":"https:\/\/ilab3.aps.edu.pl\/index.php?rest_route=\/wp\/v2\/pages\/2165\/revisions"}],"predecessor-version":[{"id":2997,"href":"https:\/\/ilab3.aps.edu.pl\/index.php?rest_route=\/wp\/v2\/pages\/2165\/revisions\/2997"}],"wp:attachment":[{"href":"https:\/\/ilab3.aps.edu.pl\/index.php?rest_route=%2Fwp%2Fv2%2Fmedia&parent=2165"}],"curies":[{"name":"wp","href":"https:\/\/api.w.org\/{rel}","templated":true}]}}