{"id":2157,"date":"2017-05-07T11:52:38","date_gmt":"2017-05-07T11:52:38","guid":{"rendered":"http:\/\/ilab3.aps.edu.pl\/?page_id=2157"},"modified":"2017-12-19T14:21:42","modified_gmt":"2017-12-19T14:21:42","slug":"what-is-ilab-de","status":"publish","type":"page","link":"https:\/\/ilab3.aps.edu.pl\/?page_id=2157","title":{"rendered":"Was ist das i-Lab?"},"content":{"rendered":"<h1><strong>Was ist das i-Lab?<\/strong><\/h1>\n<p>Das i-Lab \u2013 Innovationslabor \u2013 ist eine Art der Gruppenarbeit, die Mechanismen der Kreativit\u00e4t und Kooperation ausl\u00f6st. Die Methode hat sich bei der Arbeit mit verschiedenen Zielgruppen &nbsp;als effizient erwiesen. Sie kann nicht nur von P\u00e4dagogen, sondern auch von Personen mit besonderen p\u00e4dagogischen Bed\u00fcrfnissen, genutzt werden. Die Methode basiert auf der richtigen Mischung aus der Moderation eines Anleiters, der angepassten Umgebung und Atmosph\u00e4re und der funktionierenden technischen Ausr\u00fcstung (Software und Hardware).<\/p>\n<p>Das i-Lab kann als eine unterst\u00fctzende Methode in der Bildung und der Entwicklung von F\u00e4higkeiten bei Lehrern, P\u00e4dagogen und Menschen mit besonderen Bed\u00fcrfnissen interpretiert werden.<\/p>\n<p>&nbsp;<br \/>\n<iframe loading=\"lazy\" src=\"https:\/\/www.youtube.com\/embed\/aFMRHyk6lyI\" allowfullscreen=\"allowfullscreen\" width=\"560\" height=\"315\" frameborder=\"0\"><\/iframe><span lang=\"en-AU\"><br \/>\n<\/span><\/p>\n","protected":false},"excerpt":{"rendered":"<p>Was ist das i-Lab? Das i-Lab \u2013 Innovationslabor \u2013 ist eine Art der Gruppenarbeit, die Mechanismen der Kreativit\u00e4t und Kooperation ausl\u00f6st. Die Methode hat sich bei der Arbeit mit verschiedenen Zielgruppen &nbsp;als effizient erwiesen. Sie kann nicht nur von P\u00e4dagogen, sondern auch von Personen mit besonderen p\u00e4dagogischen Bed\u00fcrfnissen, genutzt werden. Die Methode basiert auf der<\/p>\n","protected":false},"author":1,"featured_media":0,"parent":0,"menu_order":0,"comment_status":"closed","ping_status":"closed","template":"","meta":{"_bbp_topic_count":0,"_bbp_reply_count":0,"_bbp_total_topic_count":0,"_bbp_total_reply_count":0,"_bbp_voice_count":0,"_bbp_anonymous_reply_count":0,"_bbp_topic_count_hidden":0,"_bbp_reply_count_hidden":0,"_bbp_forum_subforum_count":0,"ngg_post_thumbnail":0,"footnotes":""},"class_list":["post-2157","page","type-page","status-publish","hentry"],"_links":{"self":[{"href":"https:\/\/ilab3.aps.edu.pl\/index.php?rest_route=\/wp\/v2\/pages\/2157","targetHints":{"allow":["GET"]}}],"collection":[{"href":"https:\/\/ilab3.aps.edu.pl\/index.php?rest_route=\/wp\/v2\/pages"}],"about":[{"href":"https:\/\/ilab3.aps.edu.pl\/index.php?rest_route=\/wp\/v2\/types\/page"}],"author":[{"embeddable":true,"href":"https:\/\/ilab3.aps.edu.pl\/index.php?rest_route=\/wp\/v2\/users\/1"}],"replies":[{"embeddable":true,"href":"https:\/\/ilab3.aps.edu.pl\/index.php?rest_route=%2Fwp%2Fv2%2Fcomments&post=2157"}],"version-history":[{"count":6,"href":"https:\/\/ilab3.aps.edu.pl\/index.php?rest_route=\/wp\/v2\/pages\/2157\/revisions"}],"predecessor-version":[{"id":3457,"href":"https:\/\/ilab3.aps.edu.pl\/index.php?rest_route=\/wp\/v2\/pages\/2157\/revisions\/3457"}],"wp:attachment":[{"href":"https:\/\/ilab3.aps.edu.pl\/index.php?rest_route=%2Fwp%2Fv2%2Fmedia&parent=2157"}],"curies":[{"name":"wp","href":"https:\/\/api.w.org\/{rel}","templated":true}]}}