{"id":2155,"date":"2017-05-07T11:52:04","date_gmt":"2017-05-07T11:52:04","guid":{"rendered":"http:\/\/ilab3.aps.edu.pl\/?page_id=2155"},"modified":"2017-09-21T20:38:23","modified_gmt":"2017-09-21T20:38:23","slug":"what-is-ilab-cz","status":"publish","type":"page","link":"https:\/\/ilab3.aps.edu.pl\/?page_id=2155","title":{"rendered":"Co je to i-Lab?"},"content":{"rendered":"<h1>Co je to&nbsp;i-Lab?<\/h1>\n<p>&nbsp;<br \/>\n<iframe loading=\"lazy\" width=\"560\" height=\"315\" src=\"https:\/\/www.youtube.com\/embed\/D0wZdYB6Wj8\" frameborder=\"0\" allowfullscreen><\/iframe><br \/>\n&nbsp;<br \/>\n<iframe loading=\"lazy\" width=\"560\" height=\"315\" src=\"https:\/\/www.youtube.com\/embed\/mQhp8WhVwNY\" frameborder=\"0\" allowfullscreen><\/iframe><br \/>\n&nbsp;<br \/>\nI-Lab \u2013 inova\u010dn\u00ed laborato\u0159 \u2013 je metodou skupinov\u00e9 pr\u00e1ce, kter\u00e1 spou\u0161t\u00ed mechanismy tvo\u0159ivosti a spolupr\u00e1ce. Metoda je efektivn\u00ed p\u0159i pr\u00e1ci s r\u016fzn\u00fdmi odborn\u00edky. Lze ji vyu\u017e\u00edt nejen s u\u010diteli, ale i s lidmi se speci\u00e1ln\u00edmi vzd\u011bl\u00e1vac\u00edmi pot\u0159ebami. Metoda vych\u00e1z\u00ed z kombinace p\u016fsoben\u00ed moder\u00e1tora, prost\u0159ed\u00ed, atmosf\u00e9ry a technick\u00e9ho vybaven\u00ed \u2013 softwaru a hardwaru ur\u010den\u00e9ho pro tuto aktivitu.<\/p>\n<p><u>I-Lab lze ch\u00e1pat jako podp\u016frnou metodu ve vzd\u011bl\u00e1v\u00e1n\u00ed a rozvoji dovednost\u00ed u\u010ditel\u016f, pedagog\u016f speci\u00e1ln\u00edho vzd\u011bl\u00e1v\u00e1n\u00ed a osob se zvl\u00e1\u0161tn\u00edmi pot\u0159ebami.<\/u><\/p>\n<h1>&nbsp;<\/h1>\n","protected":false},"excerpt":{"rendered":"<p>Co je to&nbsp;i-Lab? &nbsp; &nbsp; &nbsp; I-Lab \u2013 inova\u010dn\u00ed laborato\u0159 \u2013 je metodou skupinov\u00e9 pr\u00e1ce, kter\u00e1 spou\u0161t\u00ed mechanismy tvo\u0159ivosti a spolupr\u00e1ce. Metoda je efektivn\u00ed p\u0159i pr\u00e1ci s r\u016fzn\u00fdmi odborn\u00edky. Lze ji vyu\u017e\u00edt nejen s u\u010diteli, ale i s lidmi se speci\u00e1ln\u00edmi vzd\u011bl\u00e1vac\u00edmi pot\u0159ebami. Metoda vych\u00e1z\u00ed z kombinace p\u016fsoben\u00ed moder\u00e1tora, prost\u0159ed\u00ed, atmosf\u00e9ry a technick\u00e9ho vybaven\u00ed \u2013<\/p>\n","protected":false},"author":1,"featured_media":0,"parent":0,"menu_order":0,"comment_status":"closed","ping_status":"closed","template":"","meta":{"_bbp_topic_count":0,"_bbp_reply_count":0,"_bbp_total_topic_count":0,"_bbp_total_reply_count":0,"_bbp_voice_count":0,"_bbp_anonymous_reply_count":0,"_bbp_topic_count_hidden":0,"_bbp_reply_count_hidden":0,"_bbp_forum_subforum_count":0,"ngg_post_thumbnail":0,"footnotes":""},"class_list":["post-2155","page","type-page","status-publish","hentry"],"_links":{"self":[{"href":"https:\/\/ilab3.aps.edu.pl\/index.php?rest_route=\/wp\/v2\/pages\/2155","targetHints":{"allow":["GET"]}}],"collection":[{"href":"https:\/\/ilab3.aps.edu.pl\/index.php?rest_route=\/wp\/v2\/pages"}],"about":[{"href":"https:\/\/ilab3.aps.edu.pl\/index.php?rest_route=\/wp\/v2\/types\/page"}],"author":[{"embeddable":true,"href":"https:\/\/ilab3.aps.edu.pl\/index.php?rest_route=\/wp\/v2\/users\/1"}],"replies":[{"embeddable":true,"href":"https:\/\/ilab3.aps.edu.pl\/index.php?rest_route=%2Fwp%2Fv2%2Fcomments&post=2155"}],"version-history":[{"count":8,"href":"https:\/\/ilab3.aps.edu.pl\/index.php?rest_route=\/wp\/v2\/pages\/2155\/revisions"}],"predecessor-version":[{"id":3094,"href":"https:\/\/ilab3.aps.edu.pl\/index.php?rest_route=\/wp\/v2\/pages\/2155\/revisions\/3094"}],"wp:attachment":[{"href":"https:\/\/ilab3.aps.edu.pl\/index.php?rest_route=%2Fwp%2Fv2%2Fmedia&parent=2155"}],"curies":[{"name":"wp","href":"https:\/\/api.w.org\/{rel}","templated":true}]}}