{"id":2147,"date":"2017-05-07T11:49:37","date_gmt":"2017-05-07T11:49:37","guid":{"rendered":"http:\/\/ilab3.aps.edu.pl\/?page_id=2147"},"modified":"2017-12-19T21:21:04","modified_gmt":"2017-12-19T21:21:04","slug":"about-the-web-section-cz","status":"publish","type":"page","link":"https:\/\/ilab3.aps.edu.pl\/?page_id=2147","title":{"rendered":"P\u0159edstaven\u00ed webov\u00e9 sekce"},"content":{"rendered":"<h1><strong>P\u0159edstaven\u00ed webov\u00e9 sekce<\/strong><\/h1>\n<p>V t\u00e9to sekci naleznete stru\u010dn\u00e9 informace, kter\u00e9 v\u00e1m mohou pomoci p\u0159i rozhodov\u00e1n\u00ed, jestli jste schopni zorganizovat vlastn\u00ed i-Lab (je to docela snadn\u00e9, tak\u017ee ur\u010dit\u011b jste) a pokud ano, tak i vlastn\u00ed i-Lab navrhnout.<\/p>\n<p>Na konci sekce naleznete kontaktn\u00ed \u00fadaje &#8211; pokud m\u00e1te n\u011bjak\u00e9 dotazy, nev\u00e1hejte n\u00e1s kontaktovat &#8211; jsme p\u0159ipraveni V\u00e1m pomoci.<\/p>\n<h2>Obsah:<\/h2>\n<ul>\n<li><span lang=\"en-AU\"><a href=\"http:\/\/ilab3.aps.edu.pl\/?page_id=2155\">Co je to i-Lab?<\/a><\/span><\/li>\n<li><span lang=\"en-AU\"><a href=\"http:\/\/ilab3.aps.edu.pl\/?page_id=2165\">Co \u010din\u00ed i-Lab efektivn\u00ed metodou?<\/a><\/span><\/li>\n<li><span lang=\"en-AU\"><a href=\"http:\/\/ilab3.aps.edu.pl\/?page_id=2167\">Jak vytvo\u0159it Inova\u010dn\u00ed laborato\u0159?<\/a><\/span><\/li>\n<li><a href=\"http:\/\/ilab3.aps.edu.pl\/?page_id=2174\"><span lang=\"en-AU\">Jak vyu\u017e\u00edt i-Lab v pr\u00e1ci \u2013 profesion\u00e1ln\u00ed vyu\u017eit\u00ed Inova\u010dn\u00ed laborato\u0159e<\/span><\/a><\/li>\n<li><a href=\"http:\/\/ilab3.aps.edu.pl\/?page_id=2989\"><span lang=\"en-AU\">Jak jsme to ud\u011blali? N\u00e1\u0161 i-Lab<\/span><\/a><\/li>\n<li><span lang=\"en-AU\"><a href=\"http:\/\/ilab3.aps.edu.pl\/?page_id=3552\">U\u017eite\u010dn\u00e9 odkazy<\/a><\/span><\/li>\n<li><span lang=\"en-AU\"><a href=\"http:\/\/ilab3.aps.edu.pl\/?page_id=3557\">Podpora<\/a><\/span><\/li>\n<\/ul>\n","protected":false},"excerpt":{"rendered":"<p>P\u0159edstaven\u00ed webov\u00e9 sekce V t\u00e9to sekci naleznete stru\u010dn\u00e9 informace, kter\u00e9 v\u00e1m mohou pomoci p\u0159i rozhodov\u00e1n\u00ed, jestli jste schopni zorganizovat vlastn\u00ed i-Lab (je to docela snadn\u00e9, tak\u017ee ur\u010dit\u011b jste) a pokud ano, tak i vlastn\u00ed i-Lab navrhnout. Na konci sekce naleznete kontaktn\u00ed \u00fadaje &#8211; pokud m\u00e1te n\u011bjak\u00e9 dotazy, nev\u00e1hejte n\u00e1s kontaktovat &#8211; jsme p\u0159ipraveni V\u00e1m pomoci.<\/p>\n","protected":false},"author":1,"featured_media":0,"parent":0,"menu_order":0,"comment_status":"closed","ping_status":"closed","template":"","meta":{"_bbp_topic_count":0,"_bbp_reply_count":0,"_bbp_total_topic_count":0,"_bbp_total_reply_count":0,"_bbp_voice_count":0,"_bbp_anonymous_reply_count":0,"_bbp_topic_count_hidden":0,"_bbp_reply_count_hidden":0,"_bbp_forum_subforum_count":0,"ngg_post_thumbnail":0,"footnotes":""},"class_list":["post-2147","page","type-page","status-publish","hentry"],"_links":{"self":[{"href":"https:\/\/ilab3.aps.edu.pl\/index.php?rest_route=\/wp\/v2\/pages\/2147","targetHints":{"allow":["GET"]}}],"collection":[{"href":"https:\/\/ilab3.aps.edu.pl\/index.php?rest_route=\/wp\/v2\/pages"}],"about":[{"href":"https:\/\/ilab3.aps.edu.pl\/index.php?rest_route=\/wp\/v2\/types\/page"}],"author":[{"embeddable":true,"href":"https:\/\/ilab3.aps.edu.pl\/index.php?rest_route=\/wp\/v2\/users\/1"}],"replies":[{"embeddable":true,"href":"https:\/\/ilab3.aps.edu.pl\/index.php?rest_route=%2Fwp%2Fv2%2Fcomments&post=2147"}],"version-history":[{"count":11,"href":"https:\/\/ilab3.aps.edu.pl\/index.php?rest_route=\/wp\/v2\/pages\/2147\/revisions"}],"predecessor-version":[{"id":3559,"href":"https:\/\/ilab3.aps.edu.pl\/index.php?rest_route=\/wp\/v2\/pages\/2147\/revisions\/3559"}],"wp:attachment":[{"href":"https:\/\/ilab3.aps.edu.pl\/index.php?rest_route=%2Fwp%2Fv2%2Fmedia&parent=2147"}],"curies":[{"name":"wp","href":"https:\/\/api.w.org\/{rel}","templated":true}]}}