{"id":1863,"date":"2017-05-06T09:20:16","date_gmt":"2017-05-06T09:20:16","guid":{"rendered":"http:\/\/ilab3.aps.edu.pl\/?page_id=1863"},"modified":"2017-05-06T09:20:16","modified_gmt":"2017-05-06T09:20:16","slug":"wsparcie","status":"publish","type":"page","link":"https:\/\/ilab3.aps.edu.pl\/?page_id=1863","title":{"rendered":"Wsparcie"},"content":{"rendered":"<h1 align=\"justify\">Wsparcie<\/h1>\n<p align=\"justify\"><span style=\"font-size: medium;\">Je\u015bli potrzebujesz dodatkowych informacji jeste\u015bmy gotowi Ci pom\u00f3c. Napisz lub odwied\u017a nas. Zapraszamy serdecznie!<\/span><\/p>\n<h2 align=\"justify\"><span style=\"font-size: medium;\">Kontakt: <\/span><\/h2>\n<p><span style=\"font-size: medium;\">Mariusz Fila<br \/>\nAkademia Pedagogiki Specjalnej<br \/>\nul. Szcz\u0119\u015bliwicka 40<br \/>\nWarszawa 02-353<br \/>\ne-mail: <\/span><span style=\"color: #0563c1;\"><u><a href=\"mailto:ilab3@aps.edu.pl\" target=\"_top\"><span style=\"font-size: medium;\">ilab3@aps.edu.pl<\/span><\/a><\/u><\/span><\/p>\n","protected":false},"excerpt":{"rendered":"<p>Wsparcie Je\u015bli potrzebujesz dodatkowych informacji jeste\u015bmy gotowi Ci pom\u00f3c. Napisz lub odwied\u017a nas. Zapraszamy serdecznie! Kontakt: Mariusz Fila Akademia Pedagogiki Specjalnej ul. Szcz\u0119\u015bliwicka 40 Warszawa 02-353 e-mail: ilab3@aps.edu.pl<\/p>\n","protected":false},"author":1,"featured_media":0,"parent":0,"menu_order":0,"comment_status":"closed","ping_status":"closed","template":"","meta":{"_bbp_topic_count":0,"_bbp_reply_count":0,"_bbp_total_topic_count":0,"_bbp_total_reply_count":0,"_bbp_voice_count":0,"_bbp_anonymous_reply_count":0,"_bbp_topic_count_hidden":0,"_bbp_reply_count_hidden":0,"_bbp_forum_subforum_count":0,"ngg_post_thumbnail":0,"footnotes":""},"class_list":["post-1863","page","type-page","status-publish","hentry"],"_links":{"self":[{"href":"https:\/\/ilab3.aps.edu.pl\/index.php?rest_route=\/wp\/v2\/pages\/1863","targetHints":{"allow":["GET"]}}],"collection":[{"href":"https:\/\/ilab3.aps.edu.pl\/index.php?rest_route=\/wp\/v2\/pages"}],"about":[{"href":"https:\/\/ilab3.aps.edu.pl\/index.php?rest_route=\/wp\/v2\/types\/page"}],"author":[{"embeddable":true,"href":"https:\/\/ilab3.aps.edu.pl\/index.php?rest_route=\/wp\/v2\/users\/1"}],"replies":[{"embeddable":true,"href":"https:\/\/ilab3.aps.edu.pl\/index.php?rest_route=%2Fwp%2Fv2%2Fcomments&post=1863"}],"version-history":[{"count":1,"href":"https:\/\/ilab3.aps.edu.pl\/index.php?rest_route=\/wp\/v2\/pages\/1863\/revisions"}],"predecessor-version":[{"id":1864,"href":"https:\/\/ilab3.aps.edu.pl\/index.php?rest_route=\/wp\/v2\/pages\/1863\/revisions\/1864"}],"wp:attachment":[{"href":"https:\/\/ilab3.aps.edu.pl\/index.php?rest_route=%2Fwp%2Fv2%2Fmedia&parent=1863"}],"curies":[{"name":"wp","href":"https:\/\/api.w.org\/{rel}","templated":true}]}}