{"id":1816,"date":"2017-05-05T07:45:22","date_gmt":"2017-05-05T07:45:22","guid":{"rendered":"http:\/\/ilab3.aps.edu.pl\/?page_id=1816"},"modified":"2017-08-25T23:21:41","modified_gmt":"2017-08-25T23:21:41","slug":"krotka-informacja-o-tresciach-tej-sekcji","status":"publish","type":"page","link":"https:\/\/ilab3.aps.edu.pl\/?page_id=1816","title":{"rendered":"Kr\u00f3tka informacja o tre\u015bciach tej sekcji"},"content":{"rendered":"<h1>i-Lab w edukacji zawodowej<\/h1>\n<p>W tej cz\u0119\u015bci znajdziesz informacje, kt\u00f3re pomog\u0105 Ci podj\u0105\u0107 decyzj\u0119 o organizacji i-Laba w Twojej instytucji. Znajdziesz tu tak\u017ce wskaz\u00f3wki jak to zrobi\u0107. Przygotowanie i eksploatacja laboratorium innowacji nie s\u0105 trudne, za\u015b informacje zawarte w poszczeg\u00f3lnych dzia\u0142ach pozwol\u0105 zar\u00f3wno usprawni\u0107 proces jego tworzenia, jak i unikn\u0105\u0107 potencjalnych b\u0142\u0119d\u00f3w.<\/p>\n<p><strong>Wyniki uzyskane w sesji i-Labowej s\u0105 sum\u0105 wielu czynnik\u00f3w i dzia\u0142a\u0144, kt\u00f3re zosta\u0142y tu opisane w formie zalece\u0144. Brak ich realizacji nie oznacza, \u017ce sesja si\u0119 nie powiedzie. Mo\u017ce jednak zmniejszy\u0107 efektywno\u015b\u0107 podj\u0119tych dzia\u0142a\u0144. <\/strong><\/p>\n<p>Na ko\u0144cu sekcji znajdziesz nasze dane kontaktowe. W przypadku pyta\u0144 i w\u0105tpliwo\u015bci zach\u0119camy do kontaktu z nami, ch\u0119tnie pomo\u017cemy.<\/p>\n<h2>Spis tre\u015bci:<\/h2>\n<ul>\n<li><a href=\"http:\/\/ilab3.aps.edu.pl\/?page_id=1702\">Co to jest i-Lab?<\/a><\/li>\n<li><a href=\"http:\/\/ilab3.aps.edu.pl\/?page_id=1771\">Pomieszczenie &#8211; wyb\u00f3r i dostosowanie<\/a><\/li>\n<li><a href=\"http:\/\/ilab3.aps.edu.pl\/?page_id=1819\">Co czyni t\u0119 metod\u0119 efektywn\u0105?<\/a><\/li>\n<li><a href=\"http:\/\/ilab3.aps.edu.pl\/?page_id=1855\">Jak korzysta\u0107 z i-Laba \u2013 profesjonalne zastosowanie i-Lab\u00f3w<\/a><\/li>\n<li><a href=\"http:\/\/ilab3.aps.edu.pl\/?page_id=1857\">i-Laby stworzone w ramach projektu<\/a><\/li>\n<li><a href=\"http:\/\/ilab3.aps.edu.pl\/?page_id=1822\">Przydatne odno\u015bniki<\/a><\/li>\n<li><a href=\"http:\/\/ilab3.aps.edu.pl\/?page_id=1863\">Wsparcie<\/a><\/li>\n<\/ul>\n","protected":false},"excerpt":{"rendered":"<p>i-Lab w edukacji zawodowej W tej cz\u0119\u015bci znajdziesz informacje, kt\u00f3re pomog\u0105 Ci podj\u0105\u0107 decyzj\u0119 o organizacji i-Laba w Twojej instytucji. Znajdziesz tu tak\u017ce wskaz\u00f3wki jak to zrobi\u0107. Przygotowanie i eksploatacja laboratorium innowacji nie s\u0105 trudne, za\u015b informacje zawarte w poszczeg\u00f3lnych dzia\u0142ach pozwol\u0105 zar\u00f3wno usprawni\u0107 proces jego tworzenia, jak i unikn\u0105\u0107 potencjalnych b\u0142\u0119d\u00f3w. Wyniki uzyskane w<\/p>\n","protected":false},"author":16,"featured_media":0,"parent":0,"menu_order":0,"comment_status":"closed","ping_status":"closed","template":"","meta":{"_bbp_topic_count":0,"_bbp_reply_count":0,"_bbp_total_topic_count":0,"_bbp_total_reply_count":0,"_bbp_voice_count":0,"_bbp_anonymous_reply_count":0,"_bbp_topic_count_hidden":0,"_bbp_reply_count_hidden":0,"_bbp_forum_subforum_count":0,"ngg_post_thumbnail":0,"footnotes":""},"class_list":["post-1816","page","type-page","status-publish","hentry"],"_links":{"self":[{"href":"https:\/\/ilab3.aps.edu.pl\/index.php?rest_route=\/wp\/v2\/pages\/1816","targetHints":{"allow":["GET"]}}],"collection":[{"href":"https:\/\/ilab3.aps.edu.pl\/index.php?rest_route=\/wp\/v2\/pages"}],"about":[{"href":"https:\/\/ilab3.aps.edu.pl\/index.php?rest_route=\/wp\/v2\/types\/page"}],"author":[{"embeddable":true,"href":"https:\/\/ilab3.aps.edu.pl\/index.php?rest_route=\/wp\/v2\/users\/16"}],"replies":[{"embeddable":true,"href":"https:\/\/ilab3.aps.edu.pl\/index.php?rest_route=%2Fwp%2Fv2%2Fcomments&post=1816"}],"version-history":[{"count":12,"href":"https:\/\/ilab3.aps.edu.pl\/index.php?rest_route=\/wp\/v2\/pages\/1816\/revisions"}],"predecessor-version":[{"id":3230,"href":"https:\/\/ilab3.aps.edu.pl\/index.php?rest_route=\/wp\/v2\/pages\/1816\/revisions\/3230"}],"wp:attachment":[{"href":"https:\/\/ilab3.aps.edu.pl\/index.php?rest_route=%2Fwp%2Fv2%2Fmedia&parent=1816"}],"curies":[{"name":"wp","href":"https:\/\/api.w.org\/{rel}","templated":true}]}}