{"id":1771,"date":"2017-04-28T12:22:46","date_gmt":"2017-04-28T12:22:46","guid":{"rendered":"http:\/\/ilab3.aps.edu.pl\/?page_id=1771"},"modified":"2017-05-28T18:32:13","modified_gmt":"2017-05-28T18:32:13","slug":"pomieszczenia-wybor-i-dostosowanie-wymagana-infrastruktura","status":"publish","type":"page","link":"https:\/\/ilab3.aps.edu.pl\/?page_id=1771","title":{"rendered":"Pomieszczenia \u2013 wyb\u00f3r i dostosowanie"},"content":{"rendered":"<h1 align=\"justify\">Pomieszczenia \u2013 wyb\u00f3r i dostosowanie. Wymagana infrastruktura<\/h1>\n<p align=\"justify\"><span style=\"font-size: medium;\">Przy wyborze lokalizacji i-Laba powinni\u015bmy zwr\u00f3ci\u0107 uwag\u0119 na wiele czynnik\u00f3w. W\u0142a\u015bciwy wyb\u00f3r miejsca pozwoli unikn\u0105\u0107 potencjalnych problem\u00f3w w procesie adaptacji pomieszczenia i jego p\u00f3\u017aniejszej eksploatacji. <\/span><\/p>\n<h2 align=\"justify\"><span style=\"font-size: medium;\">Wyb\u00f3r pomieszczenia<\/span><\/h2>\n<p align=\"justify\"><span style=\"font-size: medium;\"><b>Miejsce przeznaczone na i-Laba powinno sk\u0142ada\u0107 si\u0119 z dw\u00f3ch pomieszcze\u0144\/przestrzeni: pierwszej &#8211; przeznaczonej do pracy oraz drugiej &#8211; maj\u0105cej charakter rekreacyjny. <\/b><\/span><span style=\"font-size: medium;\">Przestrze\u0144 do pracy powinna by\u0107 wyposa\u017cona w odpowiednie meble, komputery i inne oprzyrz\u0105dowanie (biurka, krzes\u0142a, tablice, flipcharty, notatniki, przybory pi\u015bmiennicze itp.).<br \/>\nW przestrzeni relaksacyjnej powinny by\u0107 dost\u0119pne meble wypoczynkowe, takie jak fotele i sofy. Ich liczba powinna by\u0107 uzale\u017cniona od wielko\u015bci grup uczestnicz\u0105cych w sesjach. Projekt ca\u0142o\u015bci, o\u015bwietlenie pomieszcze\u0144, system nag\u0142o\u015bnienia i wykorzystywane d\u017awi\u0119ki to istotne elementy i-Laba, decyduj\u0105ce o efektywno\u015bci prowadzonych sesji.<br \/>\nFragment cz\u0119\u015bci relaksacyjnej (wystarczy niewielki aneks) powinien by\u0107 przeznaczony na przygotowanie i serwowanie napoj\u00f3w i ma\u0142ych przek\u0105sek.<\/span><b> <\/b><\/p>\n<p align=\"justify\"><span style=\"font-size: medium;\">Komunikacja pomi\u0119dzy cz\u0119\u015bciami powinna by\u0107 \u0142atwa, a ca\u0142o\u015b\u0107 dawa\u0107 mo\u017cliwo\u015b\u0107 zmiany aran\u017cacji &#8211; w zale\u017cno\u015bci od potrzeb umo\u017cliwi\u0107 prac\u0119 zespo\u0142ow\u0105 b\u0105d\u017a indywidualn\u0105.<\/span><\/p>\n<p align=\"justify\"><span style=\"font-size: medium;\">Uczestnicy powinni czu\u0107 si\u0119 bezpiecznie i przytulnie w stymuluj\u0105cym do pracy otoczeniu.<\/span><\/p>\n<h2 align=\"justify\"><span style=\"font-size: medium;\"><b>Wej\u015bcie<\/b><\/span><\/h2>\n<p align=\"justify\"><span style=\"font-size: medium;\">Wa\u017cnym elementem i-Laba jest wej\u015bcie symbolizuj\u0105ce przej\u015bcie do \u201e\u015bwiata tw\u00f3rczo\u015bci\u201d. Lokalizacja pomieszcze\u0144 powinna umo\u017cliwi\u0107 aran\u017cacj\u0119 uwypuklaj\u0105c\u0105 symbolik\u0119 drzwi.<\/span><\/p>\n<h2 align=\"justify\"><span style=\"font-size: medium;\"><b>Wielko\u015b\u0107 grupy\/ liczba uczestnik\u00f3w<\/b><\/span><\/h2>\n<p align=\"justify\"><span style=\"font-size: medium;\">W sesji powinno bra\u0107 udzia\u0142 od 8 do 20 uczestnik\u00f3w. Poszukuj\u0105c pomieszcze\u0144 powinni\u015bmy wybra\u0107 takie, kt\u00f3re umo\u017cliwi\u0105 komfortow\u0105 prac\u0119 grupie o takiej liczebno\u015bci.<\/span><\/p>\n<h2 align=\"justify\"><span style=\"font-size: medium;\"><b>Lokalizacja w budynku<\/b><\/span><\/h2>\n<p align=\"justify\"><span style=\"font-size: medium;\">Ze wzgl\u0119du na zazwyczaj d\u0142ugi czas trwania sesji, ulokowane pomieszczenie powinno mie\u0107 \u0142atwy i szybki dost\u0119p do toalet. Uczestnicy nie powinni przerywa\u0107 swojego udzia\u0142u w sesjach zbyt cz\u0119sto oraz na zbyt d\u0142ugo.<\/span><\/p>\n<p align=\"justify\"><span style=\"font-size: medium;\">Ha\u0142as nie powinien zak\u0142\u00f3ca\u0107 sesji. Znalezienie cichego pomieszczenia pozwoli unikn\u0105\u0107 koszt\u00f3w zwi\u0105zanych z jego wyciszeniem.<\/span><\/p>\n<p align=\"justify\"><span style=\"font-size: medium;\">Lokalizacja i aran\u017cacja i-Laba powinna uwzgl\u0119dnia\u0107 potrzeby os\u00f3b niepe\u0142nosprawnych ruchowo.<\/span><\/p>\n<h2 align=\"justify\"><span style=\"font-size: medium;\"><b>Zmiany uk\u0142adu sali<\/b><\/span><\/h2>\n<p align=\"justify\"><span style=\"font-size: medium;\">Pomieszczenia powinny by\u0107 zaadaptowane i wyposa\u017cone w spos\u00f3b pozwalaj\u0105cy na ich rearan\u017cacj\u0119. Meble &#8211; biurka i krzes\u0142a &#8211; powinny by\u0107 ruchome, daj\u0105c mo\u017cliwo\u015b\u0107 ich przesuwania i zmiany uk\u0142adu sali. W zale\u017cno\u015bci od charakterystyki grupy, zamierzonych cel\u00f3w i wykorzystywanych technik uk\u0142ad sali powinien si\u0119 zmienia\u0107. <\/span><\/p>\n<h2 align=\"justify\"><span style=\"font-size: medium;\"><b>Projekt<\/b><\/span><\/h2>\n<p align=\"justify\"><span style=\"font-size: medium;\">Ca\u0142o\u015b\u0107 wn\u0119trz powinna mie\u0107 niepowtarzalny i przyjemny styl. Przestrze\u0144 powinna posiada\u0107 jednolity i harmonijny charakter. Projekt nie powinien przypomina\u0107 standardowych pomieszcze\u0144 biurowych czy klasowo-szkolnych. <\/span><span style=\"font-size: medium;\"><u>Niepowtarzalno\u015b\u0107 wn\u0119trz pe\u0142ni w koncepcji metody i-Lab istotn\u0105 funkcj\u0119.<\/u><\/span><span style=\"font-size: medium;\"> Ca\u0142o\u015b\u0107 designu opartego na metaforze powinna by\u0107 zrozumia\u0142a i sp\u00f3jna. Mo\u017ce by\u0107 wizualizacj\u0105 historii, bajki lub sytuacji. Im bardziej tw\u00f3rczo i kreatywnie, tym lepiej!<br \/>\n<\/span><\/p>\n<p align=\"justify\"><span style=\"font-size: medium;\">Przyk\u0142ady: Sceneria marynistyczna, Las, Alicja w Krainie Czar\u00f3w, Toy Story (film dla dzieci), Samolot, Wioska, Statek kosmiczny.<\/span><\/p>\n<h2 align=\"justify\"><span style=\"font-size: medium;\"><b>Niezb\u0119dne Wyposa\u017cenie<\/b><\/span><\/h2>\n<h3 align=\"justify\"><span style=\"font-size: medium;\">Meble<\/span><\/h3>\n<p align=\"justify\"><span style=\"font-size: medium;\">Krzes\u0142a i sto\u0142y powinny by\u0107 ruchome, nieprzytwierdzone do pod\u0142o\u017ca, daj\u0105c mo\u017cliwo\u015b\u0107 ich przenoszenia. <\/span><\/p>\n<p align=\"justify\"><span style=\"font-size: medium;\">Koncepcja i-Laba nawi\u0105zuje do postrzegania zmiany jako elementu rozwijaj\u0105cego my\u015blenie tw\u00f3rcze.<\/span><\/p>\n<p align=\"justify\"><span style=\"font-size: medium;\">Ustawienie ekran\u00f3w komputerowych powinno umo\u017cliwia\u0107 prac\u0119 z zachowaniem prywatno\u015bci &#8211; ka\u017cdy widzi tylko ekran swojego komputera.<\/span><\/p>\n<h3 align=\"justify\"><span style=\"font-size: medium;\">Technologia<\/span><\/h3>\n<p align=\"justify\"><span style=\"font-size: medium;\">Komputery w sali powinny by\u0107 po\u0142\u0105czone w sie\u0107. Fundamentalnym elementem metody jest oprogramowanie VBS (Visual Brainstorming), kt\u00f3re powinno by\u0107 dost\u0119pne na ka\u017cdej stacji roboczej. Dost\u0119p do komputer\u00f3w powinien by\u0107 \u0142atwy tak\u017ce dla os\u00f3b z niepe\u0142nosprawno\u015bci\u0105 ruchow\u0105. Ustawienie komputer\u00f3w powinno umo\u017cliwia\u0107 wygodn\u0105 prac\u0119. Ze wzgl\u0119du na dost\u0119p do serwer\u00f3w VBS, sie\u0107 powinna by\u0107 pod\u0142\u0105czona do internetu \u0142\u0105czem o przepustowo\u015bci nie mniejszej ni\u017c 2Mb\/s.<\/span><\/p>\n<p align=\"justify\"><span style=\"font-size: medium;\">Warto rozwa\u017cy\u0107 u\u017cycie laptop\u00f3w, kt\u00f3re ze wzgl\u0119du na \u0142atwo\u015b\u0107 przenoszenia mo\u017cna dostosowa\u0107 do potrzeb grupy. To samo dotyczy wykorzystania technologii WiFi zamiast sieci kablowej.<\/span><\/p>\n<p align=\"justify\"><span style=\"font-size: medium;\">Opr\u00f3cz ekran\u00f3w komputerowych architektura sieci powinna umo\u017cliwia\u0107 wy\u015bwietlanie rezultat\u00f3w pracy na du\u017cym widocznym przez wszystkich uczestnik\u00f3w ekranie np. z projektora LCD. <\/span><\/p>\n<p align=\"justify\"><span style=\"font-size: medium;\">i-Lab powinien by\u0107 wyposa\u017cony w dost\u0119pn\u0105 ze wszystkich stanowisk drukark\u0119 sieciow\u0105.<\/span><\/p>\n<p align=\"justify\"><span style=\"font-size: medium;\">Inne wyposa\u017cenie, takie jak skaner czy fotokopiarka, mog\u0105 by\u0107 u\u017cyteczne w zale\u017cno\u015bci od scenariusza sesji.<\/span><\/p>\n<h3 align=\"justify\"><span style=\"font-size: medium;\">D\u017awi\u0119k<\/span><\/h3>\n<p align=\"justify\"><span style=\"font-size: medium;\">Muzyka lub g\u0142osy natury s\u0105 elementem mog\u0105cym wzmocni\u0107 efektywno\u015b\u0107 sesji. D\u017awi\u0119ki mog\u0105 sta\u0107 si\u0119 \u017ar\u00f3d\u0142em inspiracji podczas pracy lub elementem relaksacyjnym. Wyposa\u017cenie i-Laba w mechanizmy rejestruj\u0105ce d\u017awi\u0119k (np. mikrofon komputerowy) mog\u0105 by\u0107 przydatne daj\u0105c dodatkowe mo\u017cliwo\u015bci facylitatorowi.<\/span><\/p>\n<h3 align=\"justify\"><span style=\"font-size: medium;\">O\u015bwietlenie<\/span><\/h3>\n<p align=\"justify\"><span style=\"font-size: medium;\">\u015awiat\u0142o dzienne jest czynnikiem pozytywnie wp\u0142ywaj\u0105cym na samopoczucie cz\u0142owieka. Jego wykorzystanie w i-Labie jest bardzo po\u017c\u0105dane. Elementem wpisuj\u0105cym si\u0119 w ide\u0119 dynamiczno\u015bci w metodzie jest zmiana o\u015bwietlenia podczas sesji. Zastosowanie kilku rodzaj\u00f3w \u015bwiat\u0142a mo\u017ce wp\u0142yn\u0105\u0107 na zmiany nastroju, kt\u00f3re sprzyjaj\u0105 efektywno\u015bci sesji. \u015awiat\u0142o powinno zapewnia\u0107 uczestnikom komfort.&nbsp; Stonowane &#8211; w cz\u0119\u015bci relaksacyjnej, za\u015b w cz\u0119\u015bci komputerowej &#8211; adekwatne do potrzeb. Synchronizacja o\u015bwietlenia i muzyki mo\u017ce sta\u0107 si\u0119 dodatkowym elementem stymuluj\u0105cym podczas sesji.<\/span><\/p>\n<h3 align=\"justify\"><span style=\"font-size: medium;\">Gad\u017cety i inne wyposa\u017cenie<\/span><\/h3>\n<p align=\"justify\"><span style=\"font-size: medium;\">Niekt\u00f3re przedmioty takie jak zabawki do rozwoju manualnego, \u0142amig\u0142\u00f3wki mog\u0105 dzia\u0142a\u0107 jako stymulatory daj\u0105ce pozytywny efekt podczas procesu rozwi\u0105zywania problem\u00f3w. Podwy\u017csza to efektywno\u015b\u0107 sesji. Udost\u0119pnienie u\u017cytkownikom niedrogich gad\u017cet\u00f3w, zabawek mo\u017ce przyczyni\u0107 si\u0119 do pobudzenia ich wyobra\u017ani, pozwalaj\u0105c tym samym na znalezienie niestandardowych rozwi\u0105za\u0144.<\/span><\/p>\nngg_shortcode_0_placeholder\n<p align=\"justify\"><span style=\"color: #ff0000;\"><span style=\"font-size: medium;\">&nbsp;<\/span><\/span><\/p>\n<h3 align=\"justify\"><span style=\"font-size: medium;\">Catering<\/span><\/h3>\n<p align=\"justify\"><span style=\"font-size: medium;\">Planuj\u0105c dzia\u0142ania w i-Labie nale\u017cy pami\u0119ta\u0107 o posi\u0142kach dla uczestnik\u00f3w. Trwaj\u0105ce wiele godzin sesje powinny by\u0107 przedzielone przerwami, w kt\u00f3rych uczestnicy otrzymaj\u0105 napoje i drobne przek\u0105ski, a tak\u017ce posi\u0142ek obiadowy. Posi\u0142ek mo\u017ce by\u0107 dostarczony do i-Laba lub zaoferowany w niedalekim bufecie.<\/span><\/p>\n","protected":false},"excerpt":{"rendered":"<p>Pomieszczenia \u2013 wyb\u00f3r i dostosowanie. Wymagana infrastruktura Przy wyborze lokalizacji i-Laba powinni\u015bmy zwr\u00f3ci\u0107 uwag\u0119 na wiele czynnik\u00f3w. W\u0142a\u015bciwy wyb\u00f3r miejsca pozwoli unikn\u0105\u0107 potencjalnych problem\u00f3w w procesie adaptacji pomieszczenia i jego p\u00f3\u017aniejszej eksploatacji. Wyb\u00f3r pomieszczenia Miejsce przeznaczone na i-Laba powinno sk\u0142ada\u0107 si\u0119 z dw\u00f3ch pomieszcze\u0144\/przestrzeni: pierwszej &#8211; przeznaczonej do pracy oraz drugiej &#8211; maj\u0105cej charakter rekreacyjny.<\/p>\n","protected":false},"author":1,"featured_media":0,"parent":0,"menu_order":0,"comment_status":"closed","ping_status":"closed","template":"","meta":{"_bbp_topic_count":0,"_bbp_reply_count":0,"_bbp_total_topic_count":0,"_bbp_total_reply_count":0,"_bbp_voice_count":0,"_bbp_anonymous_reply_count":0,"_bbp_topic_count_hidden":0,"_bbp_reply_count_hidden":0,"_bbp_forum_subforum_count":0,"ngg_post_thumbnail":0,"footnotes":""},"class_list":["post-1771","page","type-page","status-publish","hentry"],"_links":{"self":[{"href":"https:\/\/ilab3.aps.edu.pl\/index.php?rest_route=\/wp\/v2\/pages\/1771","targetHints":{"allow":["GET"]}}],"collection":[{"href":"https:\/\/ilab3.aps.edu.pl\/index.php?rest_route=\/wp\/v2\/pages"}],"about":[{"href":"https:\/\/ilab3.aps.edu.pl\/index.php?rest_route=\/wp\/v2\/types\/page"}],"author":[{"embeddable":true,"href":"https:\/\/ilab3.aps.edu.pl\/index.php?rest_route=\/wp\/v2\/users\/1"}],"replies":[{"embeddable":true,"href":"https:\/\/ilab3.aps.edu.pl\/index.php?rest_route=%2Fwp%2Fv2%2Fcomments&post=1771"}],"version-history":[{"count":9,"href":"https:\/\/ilab3.aps.edu.pl\/index.php?rest_route=\/wp\/v2\/pages\/1771\/revisions"}],"predecessor-version":[{"id":2526,"href":"https:\/\/ilab3.aps.edu.pl\/index.php?rest_route=\/wp\/v2\/pages\/1771\/revisions\/2526"}],"wp:attachment":[{"href":"https:\/\/ilab3.aps.edu.pl\/index.php?rest_route=%2Fwp%2Fv2%2Fmedia&parent=1771"}],"curies":[{"name":"wp","href":"https:\/\/api.w.org\/{rel}","templated":true}]}}