{"id":1043,"date":"2016-04-08T09:51:54","date_gmt":"2016-04-08T09:51:54","guid":{"rendered":"http:\/\/ilab3.aps.edu.pl\/?page_id=1043"},"modified":"2017-08-31T12:40:02","modified_gmt":"2017-08-31T12:40:02","slug":"i-lab-created-by-the-institute-for-sustainable-technologies-national-research-institute","status":"publish","type":"page","link":"https:\/\/ilab3.aps.edu.pl\/?page_id=1043","title":{"rendered":"i-Lab created by The Institute for Sustainable Technologies \u2013 National Research Institute"},"content":{"rendered":"<p>&nbsp;<\/p>\nngg_shortcode_0_placeholder\n<p><strong>Laboratorium Innowacji (i-Lab)<\/strong><\/p>\n<p>Instytut Technologii Eksploatacji \u2013 Pa\u0144stwowy Instytut Badawczy<\/p>\n<p>O\u015brodek Bada\u0144 i Rozwoju Edukacji Zawodowej<\/p>\n<p>ul<strong>. <\/strong>Pu\u0142askiego 6\/10, 26-600 Radom<\/p>\n<p><a href=\"http:\/\/www.itee.radom.pl\/\">www.itee.radom.pl<\/a><\/p>\n<p><strong>Infrastruktura i-Laba<\/strong><\/p>\n<p>Laboratorium Innowacji w Radomiu powsta\u0142o w 2007 r., w ramach <em>Europejskiego Programu Rozwoju Kompetencji dla Laboratori\u00f3w Innowacji.<\/em> Jest pierwszym Laboratorium Innowacji w Polsce. Zosta\u0142o zorganizowane w wydzielonej cz\u0119\u015bci g\u0142\u00f3wnego budynku Instytutu Technologii Eksploatacji \u2013 PIB w Radomiu. Sk\u0142ada si\u0119 z dw\u00f3ch po\u0142\u0105czonych pomieszcze\u0144: przestrzeni roboczej wyposa\u017conej w sprz\u0119t IT oraz cz\u0119\u015bci do organizowania przerw. Do dyspozycji u\u017cytkownik\u00f3w i-Laba pozostaj\u0105 ponadto dwie sale seminaryjne, wydzielony hol oraz pomieszczenie do organizacji cateringu.<\/p>\n<p>W radomskim i-Labie mog\u0105 pracowa\u0107 grupy max 15 osobowe.<\/p>\n<p><strong>Wyposa\u017cenie i-Laba<\/strong><\/p>\n<p>Przestrze\u0144 robocza wyposa\u017cona zosta\u0142a w 15 stanowisk komputerowych, ustawionych na 3 wyspach, pod\u0142\u0105czonych do sieci Internet. Komputer moderator\u00f3w pod\u0142\u0105czony zosta\u0142 do projektora multimedialnego i ekranu plazmowego. W radomskim i-Labie wykorzystywane jest oprogramowanie VirtualBrainstorm (VBS).<\/p>\n<p>Du\u017ce pomieszczenie do organizacji przerw stylizowane jest na dno morza (akwarium, \u017cywe ryby, ro\u015bliny wodne, motywy morskie, piasek, muszle, d\u017awi\u0119ki szumu wody itp.). Wyposa\u017cone zosta\u0142o w modu\u0142owe meble umo\u017cliwiaj\u0105ce zmian\u0119 aran\u017cacji wn\u0119trza \u2013 w zale\u017cno\u015bci od potrzeb u\u017cytkownik\u00f3w.<\/p>\n<p>i-Lab wyposa\u017cony jest w system audio, r\u00f3\u017cnorodne o\u015bwietlenie, tablice sucho \u015bcieralne, du\u017cy wyb\u00f3r materia\u0142\u00f3w i pomocy dydaktycznych, pozwalaj\u0105cych na stosowanie w i-Labie wielu metod pracy.<\/p>\n<p><strong>Moderatorzy i-Laba (kontakt)<\/strong><\/p>\n<ul>\n<li>Jolanta Religa (jola.religa@itee.radom.pl)<\/li>\n<li>Katarzyna Skoczylas (katarzyna.skoczylas@itee.radom.pl)<\/li>\n<li>Tomasz Su\u0142kowski (tomasz.sulkowski@itee.radom.pl)<\/li>\n<\/ul>\n<p><strong>Kto mo\u017ce korzysta\u0107 z i-Laba:<\/strong><\/p>\n<p>Zapraszamy do wsp\u00f3\u0142pracy instytucje (szko\u0142y, uczelnie, przedsi\u0119biorstwa, organy administracji, organizacje pozarz\u0105dowe), kt\u00f3re chc\u0105 wykorzysta\u0107 potencja\u0142 i-Laba w zakresie kreowania i poszukiwania innowacyjnych rozwi\u0105za\u0144 dotycz\u0105cych np.: rozwoju kadry, planowania bada\u0144, zarz\u0105dzania zmian\u0105, planowania strategicznego, dzia\u0142alno\u015bci organizacji.<\/p>\n","protected":false},"excerpt":{"rendered":"<p>&nbsp; &#8221; order_by=&#8221;sortorder&#8221; order_direction=&#8221;ASC&#8221; returns=&#8221;included&#8221; maximum_entity_count=&#8221;500&#8243;]&nbsp; Laboratorium Innowacji (i-Lab) Instytut Technologii Eksploatacji \u2013 Pa\u0144stwowy Instytut Badawczy O\u015brodek Bada\u0144 i Rozwoju Edukacji Zawodowej ul. Pu\u0142askiego 6\/10, 26-600 Radom www.itee.radom.pl Infrastruktura i-Laba Laboratorium Innowacji w Radomiu powsta\u0142o w 2007 r., w ramach Europejskiego Programu Rozwoju Kompetencji dla Laboratori\u00f3w Innowacji. Jest pierwszym Laboratorium Innowacji w Polsce. Zosta\u0142o zorganizowane<\/p>\n","protected":false},"author":1,"featured_media":0,"parent":0,"menu_order":0,"comment_status":"closed","ping_status":"closed","template":"","meta":{"_bbp_topic_count":0,"_bbp_reply_count":0,"_bbp_total_topic_count":0,"_bbp_total_reply_count":0,"_bbp_voice_count":0,"_bbp_anonymous_reply_count":0,"_bbp_topic_count_hidden":0,"_bbp_reply_count_hidden":0,"_bbp_forum_subforum_count":0,"ngg_post_thumbnail":0,"footnotes":""},"class_list":["post-1043","page","type-page","status-publish","hentry"],"_links":{"self":[{"href":"https:\/\/ilab3.aps.edu.pl\/index.php?rest_route=\/wp\/v2\/pages\/1043","targetHints":{"allow":["GET"]}}],"collection":[{"href":"https:\/\/ilab3.aps.edu.pl\/index.php?rest_route=\/wp\/v2\/pages"}],"about":[{"href":"https:\/\/ilab3.aps.edu.pl\/index.php?rest_route=\/wp\/v2\/types\/page"}],"author":[{"embeddable":true,"href":"https:\/\/ilab3.aps.edu.pl\/index.php?rest_route=\/wp\/v2\/users\/1"}],"replies":[{"embeddable":true,"href":"https:\/\/ilab3.aps.edu.pl\/index.php?rest_route=%2Fwp%2Fv2%2Fcomments&post=1043"}],"version-history":[{"count":7,"href":"https:\/\/ilab3.aps.edu.pl\/index.php?rest_route=\/wp\/v2\/pages\/1043\/revisions"}],"predecessor-version":[{"id":3324,"href":"https:\/\/ilab3.aps.edu.pl\/index.php?rest_route=\/wp\/v2\/pages\/1043\/revisions\/3324"}],"wp:attachment":[{"href":"https:\/\/ilab3.aps.edu.pl\/index.php?rest_route=%2Fwp%2Fv2%2Fmedia&parent=1043"}],"curies":[{"name":"wp","href":"https:\/\/api.w.org\/{rel}","templated":true}]}}